{"id":138,"date":"2022-01-21T13:08:52","date_gmt":"2022-01-21T13:08:52","guid":{"rendered":"http:\/\/finnishwarmblood.net\/?page_id=138"},"modified":"2025-06-26T21:27:56","modified_gmt":"2025-06-26T19:27:56","slug":"pohjantahti-5-vuotisderby","status":"publish","type":"page","link":"https:\/\/www.finnishwarmblood.fi\/index.php\/pohjantahti-5-vuotisderby\/","title":{"rendered":"5-vuotisderby"},"content":{"rendered":"<p>[et_pb_section fb_built=&#8221;1&#8243; _builder_version=&#8221;4.16&#8243; _module_preset=&#8221;default&#8221; use_background_color_gradient=&#8221;on&#8221; background_color_gradient_stops=&#8221;rgba(0,0,0,0.75) 0%|rgba(4,5,1,0.61) 100%&#8221; background_color_gradient_start=&#8221;rgba(0,0,0,0.75)&#8221; background_color_gradient_end=&#8221;rgba(4,5,1,0.61)&#8221; background_image=&#8221;https:\/\/www.finnishwarmblood.fi\/wp-content\/uploads\/2022\/01\/finnishwarmblood_img_i.jpg&#8221; background_blend=&#8221;darken&#8221; height=&#8221;400px&#8221; height_tablet=&#8221;&#8221; height_phone=&#8221;&#8221; height_last_edited=&#8221;on|desktop&#8221; global_colors_info=&#8221;{}&#8221;][et_pb_row _builder_version=&#8221;4.16&#8243; _module_preset=&#8221;default&#8221; custom_margin=&#8221;||||false|false&#8221; custom_padding=&#8221;57px||||false|false&#8221; global_colors_info=&#8221;{}&#8221;][et_pb_column type=&#8221;4_4&#8243; _builder_version=&#8221;4.16&#8243; _module_preset=&#8221;default&#8221; global_colors_info=&#8221;{}&#8221;][et_pb_text _builder_version=&#8221;4.16&#8243; _module_preset=&#8221;default&#8221; text_font=&#8221;Playfair Display||||||||&#8221; header_font=&#8221;Playfair Display||||||||&#8221; header_font_size=&#8221;40px&#8221; header_letter_spacing=&#8221;1px&#8221; header_line_height=&#8221;1.2em&#8221; custom_margin=&#8221;45px||||false|false&#8221; custom_margin_tablet=&#8221;&#8221; custom_margin_phone=&#8221;&#8221; custom_margin_last_edited=&#8221;on|desktop&#8221; header_font_size_tablet=&#8221;37px&#8221; header_font_size_phone=&#8221;30px&#8221; header_font_size_last_edited=&#8221;on|phone&#8221; global_colors_info=&#8221;{}&#8221;]<\/p>\n<h1><span style=\"color: #ffffff;\"><span style=\"caret-color: #ffffff;\">5-vuotisderby<\/span><\/span><\/h1>\n<p>[\/et_pb_text][\/et_pb_column][\/et_pb_row][\/et_pb_section][et_pb_section fb_built=&#8221;1&#8243; _builder_version=&#8221;4.16&#8243; _module_preset=&#8221;default&#8221; global_colors_info=&#8221;{}&#8221;][et_pb_row _builder_version=&#8221;4.16&#8243; _module_preset=&#8221;default&#8221; global_colors_info=&#8221;{}&#8221;][et_pb_column type=&#8221;4_4&#8243; _builder_version=&#8221;4.16&#8243; _module_preset=&#8221;default&#8221; global_colors_info=&#8221;{}&#8221;][et_pb_text _builder_version=&#8221;4.19.4&#8243; _module_preset=&#8221;default&#8221; custom_padding=&#8221;||1px|||&#8221; inline_fonts=&#8221;Open Sans&#8221; global_colors_info=&#8221;{}&#8221;]<\/p>\n<div class=\"et_pb_module et_pb_post_title et_pb_post_title_0 et_pb_bg_layout_light  et_pb_text_align_left\">\n<div class=\"et_pb_title_container\">\n<h3 class=\"entry-title\">5-vuotisderbyn s\u00e4\u00e4nn\u00f6t<\/h3>\n<\/div>\n<\/div>\n<div class=\"et_pb_module et_pb_text et_pb_text_0  et_pb_text_align_left et_pb_bg_layout_light\">\n<div class=\"et_pb_text_inner\">\n<p><span style=\"font-family: 'Open Sans';\"><b>FWB-yhdistys ry:n 5-vuotisderbys\u00e4\u00e4nn\u00f6t<\/b><\/span><\/p>\n<p><span style=\"font-family: 'Open Sans';\">1. KILPAILUN J\u00c4RJEST\u00c4J\u00c4<\/span><br \/><span style=\"font-family: 'Open Sans';\">Kilpailun j\u00e4rjest\u00e4\u00e4 FWB-yhdistys ry \/ FWB f\u00f6reningen rf.<\/span><\/p>\n<p><span style=\"font-family: 'Open Sans';\">2. KILPAILUMUOTO<\/span><br \/><span style=\"font-family: 'Open Sans';\">Kilpailu k\u00e4yd\u00e4\u00e4n erikseen koulu- ja esteratsastuksessa. Vuoden 2025 5-vuotisderby j\u00e4rjestet\u00e4\u00e4n elokuussa Nuorten Hevosten Festivaalien yhteydess\u00e4.<\/span><\/p>\n<p><span style=\"font-family: 'Open Sans';\">3. KILPAILUOIKEUS<\/span><br \/><span style=\"font-family: 'Open Sans';\">Kilpailuoikeus on kaikilla 5-vuotiailla FWB-kantakirjan p\u00e4\u00e4osastoon merkityill\u00e4 FWB-ratsuhevosilla sek\u00e4 6-vuotiailla FWB-kantakirjan p\u00e4\u00e4osastoon merkityill\u00e4 varsoneilla FWB-tammoilla (,joilla ei ole varsa alla) ja joilla on<strong>\u00a0<\/strong>v\u00e4hint\u00e4\u00e4n<strong>\u00a0<\/strong>55% tulos kahdesta alue-\/kansallisen tason kouluratsastuskilpailusta v\u00e4hint\u00e4\u00e4n tasolta He B tai v\u00e4hint\u00e4\u00e4n kaksi enint\u00e4\u00e4n 8 vp rataa 110 cm-tason luokasta tai suorituskykyarvostelusta 7,0 pistett\u00e4. <b>Hevosen omistajan on oltava FWB-yhdistyksen j\u00e4sen.\u00a0<\/b><\/span><\/p>\n<p><span style=\"font-family: 'Open Sans';\">4. ILMOITTAUTUMINEN<\/span><br \/><span style=\"font-family: 'Open Sans';\">Ilmoittautuminen tapahtuu KIPA:n (SRL:n kilpailupalvelu) kautta, FWB-yhdistyksen ja SRL:n julkaiseman kilpailukutsun mukaisesti SRL:n s\u00e4\u00e4nt\u00f6j\u00e4 noudattaen.<\/span><\/p>\n<p><span style=\"font-family: 'Open Sans';\">5.1 KOULURATSASTUS<\/span><br \/><span style=\"font-family: 'Open Sans';\">Kilpailu on kaksip\u00e4iv\u00e4inen kouluratsastuksessa. Ensimm\u00e4isen\u00e4 p\u00e4iv\u00e4n\u00e4 ratsastetaan FEI:n esiohjelma 5-v hevosille (nivel) ja toisena p\u00e4iv\u00e4n\u00e4 FEI:n loppukilpailuohjelma 5-vuotiaille hevosille (nivel) . Toinen osakilpailu ratsastetaan k\u00e4\u00e4nteisess\u00e4 paremmuusj\u00e4rjestyksess\u00e4 (samoilla prosenttiluvuilla olevien l\u00e4ht\u00f6j\u00e4rjestys arvotaan). Luokkien yhteenlaskettu prosenttim\u00e4\u00e4r\u00e4 ratkaisee paremmuusj\u00e4rjestyksen. Molemmat osakilpailuluokat ratsastetaan nivelsuitsituksella. Luokkapalkinnot toisena p\u00e4iv\u00e4n\u00e4 jaetaan kansliasta. Luokissa k\u00e4ytet\u00e4\u00e4n kollegiaalista tuomariarvostelua. Raipan k\u00e4ytt\u00f6 ei ole sallittu 5-vuotisderbyn luokissa.<\/span><\/p>\n<p><span style=\"font-family: 'Open Sans';\">5.2 ESTERATSASTUS<\/span><br \/><span style=\"font-family: 'Open Sans';\">Kilpailu on kaksip\u00e4iv\u00e4inen esteratsastuksessa. Ensimm\u00e4isen\u00e4 p\u00e4iv\u00e4n\u00e4 ratsastetaan 110 cm, arv. A.1.0 ja toisena p\u00e4iv\u00e4n\u00e4 115 cm, arv. A.1.0. Toinen osakilpailu ratsastetaan k\u00e4\u00e4nteisess\u00e4 paremmuusj\u00e4rjestyksess\u00e4 (samoilla pistem\u00e4\u00e4rill\u00e4 olevien l\u00e4ht\u00f6j\u00e4rjestys arvotaan). Ratsukot, joilla on sama pienin yhteenlaskettu virhepistem\u00e4\u00e4r\u00e4 molempien p\u00e4ivien perusradoilta, suorittavat uusinnan voitosta. Seuraavat palkintosijat ratkaistaan niin ik\u00e4\u00e4n uusinnalla samalla virhepistem\u00e4\u00e4r\u00e4ll\u00e4 olevien kesken. Uusinnassa ratkaisee virhepisteet ja aika.<\/span><\/p>\n<p><span style=\"font-family: 'Open Sans';\">6. PALKINNOT<\/span><br \/><span style=\"font-family: 'Open Sans';\">FWB-yhdistys ry palkitsee kokonaiskilpailun perusteella parhaat ratsukot rahapalkinnoin (800 \u20ac, 600 \u20ac, 400 \u20ac, 200 \u20ac\u2026\u00a0<span class=\"fontstyle0\">SRL:n KS I sijoittumiss\u00e4\u00e4nn\u00f6n mukaan<\/span>). Luokkapalkinnot jakaa kilpailun j\u00e4rjest\u00e4v\u00e4 ratsastusseura ja yhteisty\u00f6kumppani kilpailukutsun mukaisesti.<\/span><\/p>\n<p><span style=\"font-family: 'Open Sans';\">7. YLEIST\u00c4<\/span><br \/><span style=\"font-family: 'Open Sans';\">Muutoksia 5-vuotisderby-s\u00e4\u00e4nt\u00f6ihin voi tehd\u00e4 ainoastaan FWB-yhdistys ry:n hallitus, joka vuosittain tarkistaa s\u00e4\u00e4nt\u00f6jen ajanmukaisuuden.<\/span><\/p>\n<\/div>\n<\/div>\n<p>[\/et_pb_text][\/et_pb_column][\/et_pb_row][\/et_pb_section][et_pb_section fb_built=&#8221;1&#8243; _builder_version=&#8221;4.14.7&#8243; _module_preset=&#8221;default&#8221; background_color=&#8221;#0066a9&#8243; width_tablet=&#8221;&#8221; width_phone=&#8221;&#8221; width_last_edited=&#8221;on|phone&#8221; min_height=&#8221;336.1px&#8221; custom_margin=&#8221;1px||-1px|||&#8221; custom_margin_tablet=&#8221;1px||-1px|||&#8221; custom_margin_phone=&#8221;1px||-1px|||&#8221; custom_margin_last_edited=&#8221;on|phone&#8221; custom_padding=&#8221;||6px|||&#8221; background_position_tablet=&#8221;center&#8221; global_module=&#8221;3902&#8243; saved_tabs=&#8221;all&#8221; global_colors_info=&#8221;{}&#8221;][et_pb_row column_structure=&#8221;1_3,1_3,1_3&#8243; _builder_version=&#8221;4.16&#8243; _module_preset=&#8221;default&#8221; max_width_tablet=&#8221;&#8221; max_width_phone=&#8221;&#8221; max_width_last_edited=&#8221;on|tablet&#8221; custom_margin=&#8221;|auto|-47px|auto||&#8221; global_colors_info=&#8221;{}&#8221;][et_pb_column type=&#8221;1_3&#8243; _builder_version=&#8221;4.16&#8243; _module_preset=&#8221;default&#8221; global_colors_info=&#8221;{}&#8221;][et_pb_text content_tablet=&#8221;<\/p>\n<\/p>\n<h3><span style=%22color: #ffffff;%22>YHTEYSTIEDOT<\/span><\/h3>\n<p><span style=%22color: #ffffff;%22><a href=%22mailto:info@finnishwarmblood.fi%22 style=%22color: #ffffff;%22>info@finnishwarmblood.fi<\/a><\/span><\/p>\n<p><span style=%22color: #ffffff;%22><\/span><\/p>\n<p><span style=%22color: #ffffff;%22><a href=%22https:\/\/www.finnishwarmblood.fi\/index.php\/4082-2\/%22 style=%22color: #ffffff;%22>HALLITUS JA VASTUUALUEET<\/a><\/span><\/p>\n<\/p>\n<p>&#8221; content_phone=&#8221;<\/p>\n<\/p>\n<h3><span style=%22color: #ffffff;%22>YHTEYSTIEDOT<\/span><\/h3>\n<p><span style=%22color: #ffffff;%22><a href=%22mailto:info@finnishwarmblood.fi%22 style=%22color: #ffffff;%22>info@finnishwarmblood.fi<\/a><\/span><\/p>\n<p><span style=%22color: #ffffff;%22><\/span><\/p>\n<p><span style=%22color: #ffffff;%22><a href=%22https:\/\/www.finnishwarmblood.fi\/index.php\/4082-2\/%22 style=%22color: #ffffff;%22>HALLITUS JA VASTUUALUEET<\/a><\/span><\/p>\n<\/p>\n<p>&#8221; content_last_edited=&#8221;on|phone&#8221; _builder_version=&#8221;4.16&#8243; _module_preset=&#8221;default&#8221; text_font=&#8221;Poppins||||||||&#8221; text_text_color=&#8221;#FFFFFF&#8221; min_height=&#8221;178px&#8221; custom_padding=&#8221;||0px|||&#8221; text_font_tablet=&#8221;&#8221; text_font_phone=&#8221;&#8221; text_font_last_edited=&#8221;on|phone&#8221; text_text_color_tablet=&#8221;#FFFFFF&#8221; text_text_color_phone=&#8221;#FFFFFF&#8221; text_text_color_last_edited=&#8221;on|phone&#8221; text_font_size_tablet=&#8221;14px&#8221; text_font_size_phone=&#8221;13px&#8221; text_font_size_last_edited=&#8221;on|tablet&#8221; header_text_align_tablet=&#8221;center&#8221; header_text_align_phone=&#8221;center&#8221; header_text_align_last_edited=&#8221;on|phone&#8221; text_orientation_tablet=&#8221;center&#8221; text_orientation_phone=&#8221;&#8221; text_orientation_last_edited=&#8221;on|phone&#8221; global_colors_info=&#8221;{}&#8221;]<\/p>\n<h3><a href=\"https:\/\/www.finnishwarmblood.fi\/index.php\/ota-yhteytta\/\"><span style=\"color: #ffffff;\">YHTEYSTIEDOT<\/span><\/a><\/h3>\n<p><span style=\"color: #ffffff;\"><a href=\"mailto:info@finnishwarmblood.fi\" style=\"color: #ffffff;\">info@finnishwarmblood.fi<\/a><\/span><\/p>\n<p><span style=\"color: #ffffff;\"><\/span><\/p>\n<p><span style=\"color: #ffffff;\"><a href=\"https:\/\/www.finnishwarmblood.fi\/index.php\/4082-2\/\" style=\"color: #ffffff;\">HALLITUS JA VASTUUALUEET<\/a><\/span><\/p>\n<p>[\/et_pb_text][\/et_pb_column][et_pb_column type=&#8221;1_3&#8243; _builder_version=&#8221;4.16&#8243; _module_preset=&#8221;default&#8221; global_colors_info=&#8221;{}&#8221;][et_pb_icon font_icon=&#8221;&#xf082;||fa||400&#8243; icon_color=&#8221;#FFFFFF&#8221; icon_width=&#8221;50px&#8221; url=&#8221;https:\/\/www.facebook.com\/ratsujalostusliitto&#8221; url_new_window=&#8221;on&#8221; icon_width_tablet=&#8221;50px&#8221; icon_width_phone=&#8221;51px&#8221; icon_width_last_edited=&#8221;on|desktop&#8221; align_tablet=&#8221;&#8221; align_phone=&#8221;&#8221; align_last_edited=&#8221;on|phone&#8221; _builder_version=&#8221;4.16&#8243; _module_preset=&#8221;default&#8221; global_colors_info=&#8221;{}&#8221;][\/et_pb_icon][et_pb_icon font_icon=&#8221;&#xe055;||fa||400&#8243; icon_color=&#8221;#FFFFFF&#8221; icon_width=&#8221;55px&#8221; url=&#8221;https:\/\/www.instagram.com\/finnishwarmblood\/&#8221; url_new_window=&#8221;on&#8221; icon_width_tablet=&#8221;50px&#8221; icon_width_phone=&#8221;&#8221; icon_width_last_edited=&#8221;on|phone&#8221; _builder_version=&#8221;4.16&#8243; _module_preset=&#8221;default&#8221; global_colors_info=&#8221;{}&#8221;][\/et_pb_icon][\/et_pb_column][et_pb_column type=&#8221;1_3&#8243; _builder_version=&#8221;4.16&#8243; _module_preset=&#8221;default&#8221; global_colors_info=&#8221;{}&#8221;][et_pb_text _builder_version=&#8221;4.16&#8243; _module_preset=&#8221;default&#8221; text_text_color=&#8221;#FFFFFF&#8221; text_font_size=&#8221;16px&#8221; text_font_size_tablet=&#8221;15px&#8221; text_font_size_phone=&#8221;13px&#8221; text_font_size_last_edited=&#8221;on|phone&#8221; global_colors_info=&#8221;{}&#8221;]<\/p>\n<p style=\"text-align: center;\">YHTEISTY\u00d6KUMPPANIT<\/p>\n<p>[\/et_pb_text][et_pb_image src=&#8221;https:\/\/www.finnishwarmblood.fi\/wp-content\/uploads\/2022\/01\/Hankkija_green.png&#8221; title_text=&#8221;Hankkija_green&#8221; url=&#8221;https:\/\/www.hankkija.fi&#8221; url_new_window=&#8221;on&#8221; _builder_version=&#8221;4.16&#8243; _module_preset=&#8221;default&#8221; width=&#8221;54%&#8221; width_tablet=&#8221;33%&#8221; width_phone=&#8221;67%&#8221; width_last_edited=&#8221;on|tablet&#8221; module_alignment=&#8221;center&#8221; custom_margin=&#8221;-23px|||14px|false|false&#8221; custom_padding=&#8221;|||16px|false|false&#8221; custom_padding_tablet=&#8221;|||8px|false|false&#8221; custom_padding_phone=&#8221;&#8221; custom_padding_last_edited=&#8221;on|phone&#8221; module_alignment_tablet=&#8221;center&#8221; module_alignment_phone=&#8221;&#8221; module_alignment_last_edited=&#8221;on|phone&#8221; global_colors_info=&#8221;{}&#8221;][\/et_pb_image][\/et_pb_column][\/et_pb_row][\/et_pb_section]<\/p>\n","protected":false},"excerpt":{"rendered":"<p>5-vuotisderby 5-vuotisderbyn s\u00e4\u00e4nn\u00f6t FWB-yhdistys ry:n 5-vuotisderbys\u00e4\u00e4nn\u00f6t 1. KILPAILUN J\u00c4RJEST\u00c4J\u00c4Kilpailun j\u00e4rjest\u00e4\u00e4 FWB-yhdistys ry \/ FWB f\u00f6reningen rf. 2. KILPAILUMUOTOKilpailu k\u00e4yd\u00e4\u00e4n erikseen koulu- ja esteratsastuksessa. Vuoden 2025 5-vuotisderby j\u00e4rjestet\u00e4\u00e4n elokuussa Nuorten Hevosten [&hellip;]<\/p>\n","protected":false},"author":1,"featured_media":0,"parent":0,"menu_order":0,"comment_status":"closed","ping_status":"closed","template":"","meta":{"_et_pb_use_builder":"on","_et_pb_old_content":"","_et_gb_content_width":"","footnotes":""},"class_list":["post-138","page","type-page","status-publish","hentry"],"_links":{"self":[{"href":"https:\/\/www.finnishwarmblood.fi\/index.php\/wp-json\/wp\/v2\/pages\/138","targetHints":{"allow":["GET"]}}],"collection":[{"href":"https:\/\/www.finnishwarmblood.fi\/index.php\/wp-json\/wp\/v2\/pages"}],"about":[{"href":"https:\/\/www.finnishwarmblood.fi\/index.php\/wp-json\/wp\/v2\/types\/page"}],"author":[{"embeddable":true,"href":"https:\/\/www.finnishwarmblood.fi\/index.php\/wp-json\/wp\/v2\/users\/1"}],"replies":[{"embeddable":true,"href":"https:\/\/www.finnishwarmblood.fi\/index.php\/wp-json\/wp\/v2\/comments?post=138"}],"version-history":[{"count":16,"href":"https:\/\/www.finnishwarmblood.fi\/index.php\/wp-json\/wp\/v2\/pages\/138\/revisions"}],"predecessor-version":[{"id":5555,"href":"https:\/\/www.finnishwarmblood.fi\/index.php\/wp-json\/wp\/v2\/pages\/138\/revisions\/5555"}],"wp:attachment":[{"href":"https:\/\/www.finnishwarmblood.fi\/index.php\/wp-json\/wp\/v2\/media?parent=138"}],"curies":[{"name":"wp","href":"https:\/\/api.w.org\/{rel}","templated":true}]}}