{"id":159,"date":"2022-01-21T14:22:18","date_gmt":"2022-01-21T12:22:18","guid":{"rendered":"http:\/\/finnishwarmblood.net\/?page_id=159"},"modified":"2025-02-17T21:57:02","modified_gmt":"2025-02-17T19:57:02","slug":"liity-jaseneksi","status":"publish","type":"page","link":"https:\/\/www.finnishwarmblood.fi\/index.php\/liity-jaseneksi\/","title":{"rendered":"Liity J\u00e4seneksi"},"content":{"rendered":"<p>[et_pb_section fb_built=&#8221;1&#8243; _builder_version=&#8221;4.16&#8243; _module_preset=&#8221;default&#8221; use_background_color_gradient=&#8221;on&#8221; background_color_gradient_stops=&#8221;rgba(0,0,0,0.61) 0%|rgba(4,5,1,0.61) 100%&#8221; background_color_gradient_start=&#8221;rgba(0,0,0,0.61)&#8221; background_color_gradient_end=&#8221;rgba(4,5,1,0.61)&#8221; background_image=&#8221;https:\/\/www.finnishwarmblood.fi\/wp-content\/uploads\/2022\/01\/PHOTO-2022-01-30-15-59-25.jpg&#8221; background_blend=&#8221;darken&#8221; height=&#8221;400px&#8221; height_tablet=&#8221;400px&#8221; height_phone=&#8221;400px&#8221; height_last_edited=&#8221;on|desktop&#8221; global_colors_info=&#8221;{}&#8221;][et_pb_row custom_padding_last_edited=&#8221;on|desktop&#8221; _builder_version=&#8221;4.16&#8243; _module_preset=&#8221;default&#8221; custom_padding=&#8221;57px||||false|false&#8221; custom_padding_tablet=&#8221;57px||||false|false&#8221; custom_padding_phone=&#8221;57px||||false|false&#8221; global_colors_info=&#8221;{}&#8221; custom_padding__hover_enabled=&#8221;on|desktop&#8221; custom_padding__hover=&#8221;57px||||false|false&#8221;][et_pb_column type=&#8221;4_4&#8243; _builder_version=&#8221;4.16&#8243; _module_preset=&#8221;default&#8221; global_colors_info=&#8221;{}&#8221;][et_pb_text _builder_version=&#8221;4.16&#8243; _module_preset=&#8221;default&#8221; text_font=&#8221;Playfair Display||||||||&#8221; header_font=&#8221;Playfair Display||||||||&#8221; header_font_size=&#8221;41px&#8221; header_letter_spacing=&#8221;1px&#8221; custom_margin=&#8221;45px||||false|false&#8221; custom_margin_tablet=&#8221;45px||||false|false&#8221; custom_margin_phone=&#8221;45px||||false|false&#8221; custom_margin_last_edited=&#8221;on|desktop&#8221; global_colors_info=&#8221;{}&#8221;]<\/p>\n<h1><span style=\"color: #ffffff;\"><span style=\"caret-color: #ffffff;\">Liity j\u00e4seneksi<\/span><\/span><\/h1>\n<p>[\/et_pb_text][\/et_pb_column][\/et_pb_row][\/et_pb_section][et_pb_section fb_built=&#8221;1&#8243; _builder_version=&#8221;4.16&#8243; _module_preset=&#8221;default&#8221; global_colors_info=&#8221;{}&#8221;][et_pb_row column_structure=&#8221;1_2,1_2&#8243; _builder_version=&#8221;4.16&#8243; _module_preset=&#8221;default&#8221; min_height=&#8221;441.7px&#8221; custom_margin=&#8221;|auto|-57px|auto||&#8221; custom_padding=&#8221;||30px|||&#8221; global_colors_info=&#8221;{}&#8221;][et_pb_column type=&#8221;1_2&#8243; _builder_version=&#8221;4.16&#8243; _module_preset=&#8221;default&#8221; global_colors_info=&#8221;{}&#8221;][et_pb_text _builder_version=&#8221;4.16&#8243; _module_preset=&#8221;default&#8221; custom_margin=&#8221;||5px|||&#8221; global_colors_info=&#8221;{}&#8221;]<\/p>\n<div class=\"et_pb_module et_pb_post_title et_pb_post_title_0 et_pb_bg_layout_light  et_pb_text_align_left\">\n<div class=\"et_pb_title_container\"><\/div>\n<\/div>\n<div class=\"et_pb_module et_pb_text et_pb_text_0  et_pb_text_align_left et_pb_bg_layout_light\">\n<div class=\"et_pb_text_inner\">\n<h3>LIITY J\u00c4SENEKSI<\/h3>\n<p>FWB-yhdistys on vuodesta 2025 alkaen Suomen Ratsastajainliiton alainen j\u00e4senseura!<\/p>\n<p>&nbsp;<\/p>\n<p><strong>Kannatusj\u00e4senyys 60\u20ac\/vuosi<\/strong><\/p>\n<p><strong>T\u00e4ysj\u00e4senyys (sis. SRL:n j\u00e4senyys) 100\u20ac\/vuosi<\/strong><\/p>\n<p><strong>Yhteis\u00f6j\u00e4senyys 210\u20ac\/vuosi<\/strong><\/p>\n<p>Liity j\u00e4seneksi osoitteessa liity.ratsastus.fi !<\/p>\n<p>Hae seuraa nimell\u00e4 FWB-yhdistys, t\u00e4yt\u00e4 yhteystietosi ja p\u00e4\u00e4set maksamaan j\u00e4senmaksun heti.\u00a0<\/p>\n<p>&nbsp;<\/p>\n<\/div>\n<\/div>\n<p>[\/et_pb_text][\/et_pb_column][et_pb_column type=&#8221;1_2&#8243; _builder_version=&#8221;4.16&#8243; _module_preset=&#8221;default&#8221; global_colors_info=&#8221;{}&#8221;][\/et_pb_column][\/et_pb_row][\/et_pb_section][et_pb_section fb_built=&#8221;1&#8243; _builder_version=&#8221;4.16&#8243; _module_preset=&#8221;default&#8221; background_color=&#8221;#d2d0cf&#8221; global_colors_info=&#8221;{}&#8221;][et_pb_row column_structure=&#8221;1_3,2_3&#8243; _builder_version=&#8221;4.16&#8243; _module_preset=&#8221;default&#8221; custom_padding=&#8221;27px|||||&#8221; global_colors_info=&#8221;{}&#8221;][et_pb_column type=&#8221;1_3&#8243; _builder_version=&#8221;4.16&#8243; _module_preset=&#8221;default&#8221; global_colors_info=&#8221;{}&#8221;][et_pb_image src=&#8221;https:\/\/www.finnishwarmblood.fi\/wp-content\/uploads\/2022\/01\/WhatsApp-Image-2022-01-21-at-10.47.57.jpg&#8221; title_text=&#8221;WhatsApp Image 2022-01-21 at 10.47.57&#8243; align=&#8221;center&#8221; _builder_version=&#8221;4.16&#8243; _module_preset=&#8221;default&#8221; max_width=&#8221;83%&#8221; global_colors_info=&#8221;{}&#8221;][\/et_pb_image][\/et_pb_column][et_pb_column type=&#8221;2_3&#8243; _builder_version=&#8221;4.16&#8243; _module_preset=&#8221;default&#8221; global_colors_info=&#8221;{}&#8221;][et_pb_text content_last_edited=&#8221;off|desktop&#8221; _builder_version=&#8221;4.16&#8243; _module_preset=&#8221;default&#8221; custom_margin=&#8221;12px|||||&#8221; custom_padding=&#8221;5px|||||&#8221; text_font_tablet=&#8221;&#8221; text_font_phone=&#8221;&#8221; text_font_last_edited=&#8221;on|phone&#8221; global_colors_info=&#8221;{}&#8221;]<\/p>\n<h4 class=\"et_pb_module_header\"><span>FWB-Yhdistys tukee FWB-kasvatusta<\/span><\/h4>\n<div class=\"et_pb_blurb_description\">\n<p>FWB-yhdistys (FWBY) tukee FWB -hevosten kasvattajia ja omistajia j\u00e4rjest\u00e4m\u00e4ll\u00e4 talkooty\u00f6n\u00e4 FWB-hevosille suunnattuja tapahtumia, sek\u00e4 jakamalla raha- ja tuotepalkintoja kasvattajille ja omistajille.<\/p>\n<p>FWB-yhdistyksen hallitus tekee pyyteet\u00f6nt\u00e4 ty\u00f6t\u00e4 talkoovoimin FWB -hevosten kasvatuksen edist\u00e4miseksi ja haluaa t\u00e4ten kiitt\u00e4\u00e4 kaikkia FWB-yhdistyksen toimintaa tukeneita yrityksi\u00e4 ja henkil\u00f6it\u00e4.<\/p>\n<p><b>Tue sin\u00e4kin FWB \u2013hevosten kasvatusta olemalla FWBY:n j\u00e4sen!<\/b><\/p>\n<\/div>\n<p>[\/et_pb_text][\/et_pb_column][\/et_pb_row][\/et_pb_section][et_pb_section fb_built=&#8221;1&#8243; _builder_version=&#8221;4.14.7&#8243; _module_preset=&#8221;default&#8221; background_color=&#8221;#0066a9&#8243; width_tablet=&#8221;&#8221; width_phone=&#8221;&#8221; width_last_edited=&#8221;on|phone&#8221; min_height=&#8221;336.1px&#8221; custom_margin=&#8221;1px||-1px|||&#8221; custom_margin_tablet=&#8221;1px||-1px|||&#8221; custom_margin_phone=&#8221;1px||-1px|||&#8221; custom_margin_last_edited=&#8221;on|phone&#8221; background_position_tablet=&#8221;center&#8221; global_module=&#8221;3902&#8243; saved_tabs=&#8221;all&#8221; global_colors_info=&#8221;{}&#8221;][et_pb_row column_structure=&#8221;1_3,1_3,1_3&#8243; _builder_version=&#8221;4.16&#8243; _module_preset=&#8221;default&#8221; max_width_tablet=&#8221;&#8221; max_width_phone=&#8221;&#8221; max_width_last_edited=&#8221;on|tablet&#8221; custom_margin=&#8221;|auto|-47px|auto||&#8221; global_colors_info=&#8221;{}&#8221;][et_pb_column type=&#8221;1_3&#8243; _builder_version=&#8221;4.16&#8243; _module_preset=&#8221;default&#8221; global_colors_info=&#8221;{}&#8221;][et_pb_text content_tablet=&#8221;<\/p>\n<p>\u00a0<\/p>\n<h3><span style=%22color: #ffffff;%22>YHTEYSTIEDOT<\/span><\/h3>\n<p><span style=%22color: #ffffff;%22><a href=%22mailto:info@finnishwarmblood.fi%22 style=%22color: #ffffff;%22>info@finnishwarmblood.fi<\/a><\/span><\/p>\n<p><span style=%22color: #ffffff;%22><\/span><\/p>\n<p><span style=%22color: #ffffff;%22><span style=%22font-size: 14px; background-color: #0066a9; caret-color: #ffffff;%22>Nopeiten tavoitat meid\u00e4t laittamalla<\/span><span style=%22font-size: 14px; background-color: #0066a9; caret-color: #ffffff;%22><br \/><\/span><span style=%22font-size: 14px; background-color: #0066a9; caret-color: #ffffff;%22>viesti\u00e4 sosiaalisen median kautta<\/span><\/span><\/p>\n<p><span style=%22color: #ffffff;%22><a href=%22https:\/\/www.finnishwarmblood.fi\/index.php\/4082-2\/%22 style=%22color: #ffffff;%22>HALLITUS JA VASTUUALUEET<\/a><\/span><\/p>\n<p>\u00a0<\/p>\n<p>\u00a0<\/p>\n<p>&#8221; content_phone=&#8221;<\/p>\n<p>\u00a0<\/p>\n<h3><span style=%22color: #ffffff;%22>YHTEYSTIEDOT<\/span><\/h3>\n<p><span style=%22color: #ffffff;%22><a href=%22mailto:info@finnishwarmblood.fi%22 style=%22color: #ffffff;%22>info@finnishwarmblood.fi<\/a><\/span><\/p>\n<p><span style=%22color: #ffffff;%22><\/span><\/p>\n<p><span style=%22color: #ffffff;%22><span style=%22font-size: 14px; background-color: #0066a9; caret-color: #ffffff;%22>Nopeiten tavoitat meid\u00e4t laittamalla<\/span><span style=%22font-size: 14px; background-color: #0066a9; caret-color: #ffffff;%22><br \/><\/span><span style=%22font-size: 14px; background-color: #0066a9; caret-color: #ffffff;%22>viesti\u00e4 sosiaalisen median kautta<\/span><\/span><\/p>\n<p><span style=%22color: #ffffff;%22><a href=%22https:\/\/www.finnishwarmblood.fi\/index.php\/4082-2\/%22 style=%22color: #ffffff;%22>HALLITUS JA VASTUUALUEET<\/a><\/span><\/p>\n<p>\u00a0<\/p>\n<p>\u00a0<\/p>\n<p>&#8221; content_last_edited=&#8221;on|phone&#8221; _builder_version=&#8221;4.16&#8243; _module_preset=&#8221;default&#8221; text_font=&#8221;Poppins||||||||&#8221; text_text_color=&#8221;#FFFFFF&#8221; min_height=&#8221;178px&#8221; custom_padding=&#8221;||0px|||&#8221; text_font_tablet=&#8221;&#8221; text_font_phone=&#8221;&#8221; text_font_last_edited=&#8221;on|phone&#8221; text_text_color_tablet=&#8221;#FFFFFF&#8221; text_text_color_phone=&#8221;#FFFFFF&#8221; text_text_color_last_edited=&#8221;on|phone&#8221; text_font_size_tablet=&#8221;14px&#8221; text_font_size_phone=&#8221;13px&#8221; text_font_size_last_edited=&#8221;on|tablet&#8221; header_text_align_tablet=&#8221;center&#8221; header_text_align_phone=&#8221;center&#8221; header_text_align_last_edited=&#8221;on|phone&#8221; text_orientation_tablet=&#8221;center&#8221; text_orientation_phone=&#8221;&#8221; text_orientation_last_edited=&#8221;on|phone&#8221; global_colors_info=&#8221;{}&#8221;]<\/p>\n<h3><a href=\"https:\/\/www.finnishwarmblood.fi\/index.php\/ota-yhteytta\/\"><span style=\"color: #ffffff;\">YHTEYSTIEDOT<\/span><\/a><\/h3>\n<p><span style=\"color: #ffffff;\"><a href=\"mailto:info@finnishwarmblood.fi\" style=\"color: #ffffff;\">info@finnishwarmblood.fi<\/a><\/span><\/p>\n<p><span style=\"color: #ffffff;\"><\/span><\/p>\n<p><span style=\"color: #ffffff;\"><span style=\"font-size: 14px; background-color: #0066a9; caret-color: #ffffff;\">Nopeiten tavoitat meid\u00e4t laittamalla<\/span><span style=\"font-size: 14px; background-color: #0066a9; caret-color: #ffffff;\"><br \/><\/span><span style=\"font-size: 14px; background-color: #0066a9; caret-color: #ffffff;\">viesti\u00e4 sosiaalisen median kautta<\/span><\/span><\/p>\n<p><span style=\"color: #ffffff;\"><a href=\"https:\/\/www.finnishwarmblood.fi\/index.php\/4082-2\/\" style=\"color: #ffffff;\">HALLITUS JA VASTUUALUEET<\/a><\/span><\/p>\n<p>[\/et_pb_text][\/et_pb_column][et_pb_column type=&#8221;1_3&#8243; _builder_version=&#8221;4.16&#8243; _module_preset=&#8221;default&#8221; global_colors_info=&#8221;{}&#8221;][et_pb_icon font_icon=&#8221;&#xf082;||fa||400&#8243; icon_color=&#8221;#FFFFFF&#8221; icon_width=&#8221;50px&#8221; url=&#8221;https:\/\/www.facebook.com\/ratsujalostusliitto&#8221; url_new_window=&#8221;on&#8221; icon_width_tablet=&#8221;50px&#8221; icon_width_phone=&#8221;51px&#8221; icon_width_last_edited=&#8221;on|desktop&#8221; align_tablet=&#8221;&#8221; align_phone=&#8221;&#8221; align_last_edited=&#8221;on|phone&#8221; _builder_version=&#8221;4.16&#8243; _module_preset=&#8221;default&#8221; global_colors_info=&#8221;{}&#8221;][\/et_pb_icon][et_pb_icon font_icon=&#8221;&#xe055;||fa||400&#8243; icon_color=&#8221;#FFFFFF&#8221; icon_width=&#8221;55px&#8221; url=&#8221;https:\/\/www.instagram.com\/finnishwarmblood\/&#8221; url_new_window=&#8221;on&#8221; icon_width_tablet=&#8221;50px&#8221; icon_width_phone=&#8221;&#8221; icon_width_last_edited=&#8221;on|phone&#8221; _builder_version=&#8221;4.16&#8243; _module_preset=&#8221;default&#8221; global_colors_info=&#8221;{}&#8221;][\/et_pb_icon][\/et_pb_column][et_pb_column type=&#8221;1_3&#8243; _builder_version=&#8221;4.16&#8243; _module_preset=&#8221;default&#8221; global_colors_info=&#8221;{}&#8221;][et_pb_text _builder_version=&#8221;4.16&#8243; _module_preset=&#8221;default&#8221; text_text_color=&#8221;#FFFFFF&#8221; text_font_size=&#8221;16px&#8221; text_font_size_tablet=&#8221;15px&#8221; text_font_size_phone=&#8221;13px&#8221; text_font_size_last_edited=&#8221;on|phone&#8221; global_colors_info=&#8221;{}&#8221;]<\/p>\n<p style=\"text-align: center;\">YHTEISTY\u00d6KUMPPANIT<\/p>\n<p>[\/et_pb_text][et_pb_image src=&#8221;https:\/\/www.finnishwarmblood.fi\/wp-content\/uploads\/2022\/01\/Hankkija_green.png&#8221; title_text=&#8221;Hankkija_green&#8221; url=&#8221;https:\/\/www.hankkija.fi&#8221; url_new_window=&#8221;on&#8221; _builder_version=&#8221;4.16&#8243; _module_preset=&#8221;default&#8221; width=&#8221;54%&#8221; width_tablet=&#8221;33%&#8221; width_phone=&#8221;67%&#8221; width_last_edited=&#8221;on|tablet&#8221; module_alignment=&#8221;center&#8221; custom_margin=&#8221;-23px|||14px|false|false&#8221; custom_padding=&#8221;|||16px|false|false&#8221; custom_padding_tablet=&#8221;|||8px|false|false&#8221; custom_padding_phone=&#8221;&#8221; custom_padding_last_edited=&#8221;on|phone&#8221; module_alignment_tablet=&#8221;center&#8221; module_alignment_phone=&#8221;&#8221; module_alignment_last_edited=&#8221;on|phone&#8221; global_colors_info=&#8221;{}&#8221;][\/et_pb_image][\/et_pb_column][\/et_pb_row][\/et_pb_section]<\/p>\n","protected":false},"excerpt":{"rendered":"<p>Liity j\u00e4seneksi LIITY J\u00c4SENEKSI FWB-yhdistys on vuodesta 2025 alkaen Suomen Ratsastajainliiton alainen j\u00e4senseura! &nbsp; Kannatusj\u00e4senyys 60\u20ac\/vuosi T\u00e4ysj\u00e4senyys (sis. SRL:n j\u00e4senyys) 100\u20ac\/vuosi Yhteis\u00f6j\u00e4senyys 210\u20ac\/vuosi Liity j\u00e4seneksi osoitteessa liity.ratsastus.fi ! Hae seuraa [&hellip;]<\/p>\n","protected":false},"author":1,"featured_media":0,"parent":0,"menu_order":0,"comment_status":"closed","ping_status":"closed","template":"","meta":{"_et_pb_use_builder":"on","_et_pb_old_content":"","_et_gb_content_width":"","footnotes":""},"class_list":["post-159","page","type-page","status-publish","hentry"],"_links":{"self":[{"href":"https:\/\/www.finnishwarmblood.fi\/index.php\/wp-json\/wp\/v2\/pages\/159","targetHints":{"allow":["GET"]}}],"collection":[{"href":"https:\/\/www.finnishwarmblood.fi\/index.php\/wp-json\/wp\/v2\/pages"}],"about":[{"href":"https:\/\/www.finnishwarmblood.fi\/index.php\/wp-json\/wp\/v2\/types\/page"}],"author":[{"embeddable":true,"href":"https:\/\/www.finnishwarmblood.fi\/index.php\/wp-json\/wp\/v2\/users\/1"}],"replies":[{"embeddable":true,"href":"https:\/\/www.finnishwarmblood.fi\/index.php\/wp-json\/wp\/v2\/comments?post=159"}],"version-history":[{"count":17,"href":"https:\/\/www.finnishwarmblood.fi\/index.php\/wp-json\/wp\/v2\/pages\/159\/revisions"}],"predecessor-version":[{"id":5361,"href":"https:\/\/www.finnishwarmblood.fi\/index.php\/wp-json\/wp\/v2\/pages\/159\/revisions\/5361"}],"wp:attachment":[{"href":"https:\/\/www.finnishwarmblood.fi\/index.php\/wp-json\/wp\/v2\/media?parent=159"}],"curies":[{"name":"wp","href":"https:\/\/api.w.org\/{rel}","templated":true}]}}