{"id":4082,"date":"2022-01-26T13:29:23","date_gmt":"2022-01-26T11:29:23","guid":{"rendered":"http:\/\/finnishwarmblood.net\/?page_id=4082"},"modified":"2025-05-05T21:19:15","modified_gmt":"2025-05-05T19:19:15","slug":"4082-2","status":"publish","type":"page","link":"https:\/\/www.finnishwarmblood.fi\/index.php\/4082-2\/","title":{"rendered":"Hallitus"},"content":{"rendered":"<p>[et_pb_section fb_built=&#8221;1&#8243; _builder_version=&#8221;4.16&#8243; _module_preset=&#8221;default&#8221; use_background_color_gradient=&#8221;on&#8221; background_color_gradient_stops=&#8221;rgba(0,0,0,0.75) 0%|rgba(4,5,1,0.61) 100%&#8221; background_color_gradient_start=&#8221;rgba(0,0,0,0.75)&#8221; background_color_gradient_end=&#8221;rgba(4,5,1,0.61)&#8221; background_image=&#8221;https:\/\/www.finnishwarmblood.fi\/wp-content\/uploads\/2022\/01\/PHOTO-2022-01-30-15-50-06.jpg&#8221; background_position=&#8221;top_center&#8221; background_blend=&#8221;darken&#8221; height=&#8221;400px&#8221; height_tablet=&#8221;400px&#8221; height_phone=&#8221;400px&#8221; height_last_edited=&#8221;on|desktop&#8221; global_colors_info=&#8221;{}&#8221;][et_pb_row custom_padding_last_edited=&#8221;on|desktop&#8221; _builder_version=&#8221;4.16&#8243; _module_preset=&#8221;default&#8221; custom_padding=&#8221;57px||||false|false&#8221; custom_padding_tablet=&#8221;57px||||false|false&#8221; custom_padding_phone=&#8221;57px||||false|false&#8221; global_colors_info=&#8221;{}&#8221;][et_pb_column type=&#8221;4_4&#8243; _builder_version=&#8221;4.16&#8243; _module_preset=&#8221;default&#8221; global_colors_info=&#8221;{}&#8221;][et_pb_text _builder_version=&#8221;4.16&#8243; _module_preset=&#8221;default&#8221; text_font=&#8221;Playfair Display||||||||&#8221; header_font=&#8221;Playfair Display||||||||&#8221; header_font_size=&#8221;40px&#8221; header_letter_spacing=&#8221;1px&#8221; header_line_height=&#8221;1.2em&#8221; custom_margin=&#8221;45px||||false|false&#8221; custom_margin_tablet=&#8221;45px||||false|false&#8221; custom_margin_phone=&#8221;45px||||false|false&#8221; custom_margin_last_edited=&#8221;on|desktop&#8221; header_font_size_tablet=&#8221;37px&#8221; header_font_size_phone=&#8221;30px&#8221; header_font_size_last_edited=&#8221;on|phone&#8221; global_colors_info=&#8221;{}&#8221;]<\/p>\n<h1><span style=\"color: #ffffff;\">Hallitus<\/span><\/h1>\n<p>[\/et_pb_text][\/et_pb_column][\/et_pb_row][\/et_pb_section][et_pb_section fb_built=&#8221;1&#8243; _builder_version=&#8221;4.16&#8243; _module_preset=&#8221;default&#8221; global_colors_info=&#8221;{}&#8221;][et_pb_row column_structure=&#8221;1_5,1_5,1_5,1_5,1_5&#8243; _builder_version=&#8221;4.16&#8243; _module_preset=&#8221;default&#8221; global_colors_info=&#8221;{}&#8221;][et_pb_column type=&#8221;1_5&#8243; _builder_version=&#8221;4.16&#8243; _module_preset=&#8221;default&#8221; global_colors_info=&#8221;{}&#8221;][et_pb_team_member name=&#8221;H\u00e5kan Wahlman&#8221; position=&#8221;Puheenjohtaja&#8221; image_url=&#8221;https:\/\/www.finnishwarmblood.fi\/wp-content\/uploads\/2022\/01\/ha\u030akan-wahlman-2.jpg&#8221; _builder_version=&#8221;4.16&#8243; _module_preset=&#8221;default&#8221; width_tablet=&#8221;&#8221; width_phone=&#8221;75%&#8221; width_last_edited=&#8221;on|phone&#8221; max_width=&#8221;100%&#8221; module_alignment_tablet=&#8221;&#8221; module_alignment_phone=&#8221;center&#8221; module_alignment_last_edited=&#8221;on|phone&#8221; global_colors_info=&#8221;{}&#8221;]<\/p>\n<p><span>Puh. 040 544 2917<\/span><br \/><span>hockus.wahlman(at)kolumbus.fi<\/span><\/p>\n<p>[\/et_pb_team_member][\/et_pb_column][et_pb_column type=&#8221;1_5&#8243; _builder_version=&#8221;4.16&#8243; _module_preset=&#8221;default&#8221; global_colors_info=&#8221;{}&#8221;][et_pb_team_member name=&#8221;Noora Pentti&#8221; position=&#8221;Varapuheenohtaja&#8221; image_url=&#8221;https:\/\/www.finnishwarmblood.fi\/wp-content\/uploads\/2022\/01\/noorakuvahallitus.jpg&#8221; _builder_version=&#8221;4.16&#8243; _module_preset=&#8221;default&#8221; width_tablet=&#8221;&#8221; width_phone=&#8221;75%&#8221; width_last_edited=&#8221;on|desktop&#8221; module_alignment=&#8221;center&#8221; global_colors_info=&#8221;{}&#8221;]<\/p>\n<p><span>penttinoora(at)gmail.com<\/span><\/p>\n<p>[\/et_pb_team_member][\/et_pb_column][et_pb_column type=&#8221;1_5&#8243; _builder_version=&#8221;4.16&#8243; _module_preset=&#8221;default&#8221; global_colors_info=&#8221;{}&#8221;][et_pb_team_member name=&#8221;Alexandra Ahlqvist&#8221; image_url=&#8221;https:\/\/www.finnishwarmblood.fi\/wp-content\/uploads\/2022\/01\/IMG_7468.jpg&#8221; _builder_version=&#8221;4.16&#8243; _module_preset=&#8221;default&#8221; max_width=&#8221;100%&#8221; max_width_tablet=&#8221;100%&#8221; max_width_phone=&#8221;75%&#8221; max_width_last_edited=&#8221;on|desktop&#8221; module_alignment=&#8221;center&#8221; global_colors_info=&#8221;{}&#8221;]<\/p>\n<p>Laatuarvostelu (koulu), Markkinointi<span><\/span><\/p>\n<p><span>Puh.\u00a0\u00a0040 587 6600<\/span><br \/><span>alexandra.ahlqvist1(at)gmail.com<\/span><\/p>\n<p>[\/et_pb_team_member][\/et_pb_column][et_pb_column type=&#8221;1_5&#8243; _builder_version=&#8221;4.16&#8243; _module_preset=&#8221;default&#8221; global_colors_info=&#8221;{}&#8221;][et_pb_team_member name=&#8221;Stella Hagelstam&#8221; image_url=&#8221;https:\/\/www.finnishwarmblood.fi\/wp-content\/uploads\/2022\/01\/Stellankuva.jpg&#8221; _builder_version=&#8221;4.16&#8243; _module_preset=&#8221;default&#8221; width_tablet=&#8221;&#8221; width_phone=&#8221;75%&#8221; width_last_edited=&#8221;on|phone&#8221; max_width=&#8221;100%&#8221; max_width_tablet=&#8221;100%&#8221; max_width_phone=&#8221;100%&#8221; max_width_last_edited=&#8221;on|desktop&#8221; module_alignment=&#8221;center&#8221; module_alignment_tablet=&#8221;center&#8221; module_alignment_phone=&#8221;center&#8221; module_alignment_last_edited=&#8221;on|phone&#8221; global_colors_info=&#8221;{}&#8221;]<\/p>\n<p><span>Laatuarvostelu (koulu), Markkinointi, Nuorten hevosten valmennus (koulu)<\/span><\/p>\n<p><span>Puh. 050 331 3035<\/span><br \/><span>stella(at)stellahagelstam.fi<\/span><\/p>\n<p>[\/et_pb_team_member][\/et_pb_column][et_pb_column type=&#8221;1_5&#8243; _builder_version=&#8221;4.16&#8243; _module_preset=&#8221;default&#8221; global_colors_info=&#8221;{}&#8221;][et_pb_team_member name=&#8221;Hanna-Maria Korpi&#8221; image_url=&#8221;https:\/\/www.finnishwarmblood.fi\/wp-content\/uploads\/2022\/01\/hannamari-1.jpg&#8221; _builder_version=&#8221;4.16&#8243; _module_preset=&#8221;default&#8221; width_tablet=&#8221;&#8221; width_phone=&#8221;75%&#8221; width_last_edited=&#8221;on|phone&#8221; max_width=&#8221;100%&#8221; max_width_tablet=&#8221;100%&#8221; max_width_phone=&#8221;100%&#8221; max_width_last_edited=&#8221;on|tablet&#8221; module_alignment=&#8221;center&#8221; module_alignment_tablet=&#8221;&#8221; module_alignment_phone=&#8221;center&#8221; module_alignment_last_edited=&#8221;on|phone&#8221; global_colors_info=&#8221;{}&#8221;]<\/p>\n<p><span>FWBY Assistentti, Youngster Meeting, Some<\/span><\/p>\n<p><span>Puh. 041 703 0378<\/span><br \/><span>hmkorpi(at)gmail.com<\/span><\/p>\n<p>[\/et_pb_team_member][\/et_pb_column][\/et_pb_row][et_pb_row column_structure=&#8221;1_6,1_6,1_6,1_6,1_6,1_6&#8243; _builder_version=&#8221;4.19.4&#8243; _module_preset=&#8221;default&#8221; global_colors_info=&#8221;{}&#8221;][et_pb_column type=&#8221;1_6&#8243; _builder_version=&#8221;4.16&#8243; _module_preset=&#8221;default&#8221; global_colors_info=&#8221;{}&#8221;][et_pb_team_member name=&#8221;Hanna Nyholm&#8221; image_url=&#8221;https:\/\/www.finnishwarmblood.fi\/wp-content\/uploads\/2022\/01\/IMG_1484.jpg&#8221; _builder_version=&#8221;4.16&#8243; _module_preset=&#8221;default&#8221; max_width=&#8221;100%&#8221; max_width_tablet=&#8221;100%&#8221; max_width_phone=&#8221;75%&#8221; max_width_last_edited=&#8221;on|desktop&#8221; module_alignment=&#8221;center&#8221; global_colors_info=&#8221;{}&#8221;]<\/p>\n<p><span>Hevosgaala, Markkinointi, Juhlavuoden 2026 ty\u00f6ryhm\u00e4<\/span><\/p>\n<p><span>Puh. 0400 410 907<\/span><br \/><span>hannanyholm(at)hotmail.com<\/span><\/p>\n<p>[\/et_pb_team_member][\/et_pb_column][et_pb_column type=&#8221;1_6&#8243; _builder_version=&#8221;4.16&#8243; _module_preset=&#8221;default&#8221; global_colors_info=&#8221;{}&#8221;][et_pb_team_member name=&#8221;Camilla Simons\u00e9n&#8221; image_url=&#8221;https:\/\/www.finnishwarmblood.fi\/wp-content\/uploads\/2022\/01\/IMG_7964.jpg&#8221; _builder_version=&#8221;4.16&#8243; _module_preset=&#8221;default&#8221; width_tablet=&#8221;&#8221; width_phone=&#8221;75%&#8221; width_last_edited=&#8221;on|phone&#8221; max_width=&#8221;100%&#8221; max_width_tablet=&#8221;100%&#8221; max_width_phone=&#8221;100%&#8221; max_width_last_edited=&#8221;on|desktop&#8221; module_alignment=&#8221;center&#8221; module_alignment_tablet=&#8221;center&#8221; module_alignment_phone=&#8221;center&#8221; module_alignment_last_edited=&#8221;on|tablet&#8221; global_colors_info=&#8221;{}&#8221;]<\/p>\n<p><span>N\u00e4yttelytoiminta, Juhlavuoden 2026 ty\u00f6ryhm\u00e4<\/span><\/p>\n<p><span>Puh. 040 581 9984<\/span><br \/><span>milla.simonsen(at)gmail.com<\/span><\/p>\n<p>[\/et_pb_team_member][\/et_pb_column][et_pb_column type=&#8221;1_6&#8243; _builder_version=&#8221;4.19.4&#8243; _module_preset=&#8221;default&#8221; global_colors_info=&#8221;{}&#8221;][et_pb_gallery gallery_ids=&#8221;5358&#8243; _builder_version=&#8221;4.19.4&#8243; _module_preset=&#8221;default&#8221; global_colors_info=&#8221;{}&#8221;][\/et_pb_gallery][et_pb_team_member name=&#8221;Eeva Tuominen&#8221; _builder_version=&#8221;4.19.4&#8243; _module_preset=&#8221;default&#8221; width_tablet=&#8221;&#8221; width_phone=&#8221;75%&#8221; width_last_edited=&#8221;on|desktop&#8221; module_alignment=&#8221;center&#8221; global_colors_info=&#8221;{}&#8221;]<\/p>\n<p>FWBY-assistentti, n\u00e4yttelytoiminta, j\u00e4senkirje<\/p>\n<p>info@finnishwarmblood.fi<\/p>\n<p>[\/et_pb_team_member][\/et_pb_column][et_pb_column type=&#8221;1_6&#8243; _builder_version=&#8221;4.16&#8243; _module_preset=&#8221;default&#8221; global_colors_info=&#8221;{}&#8221;][et_pb_team_member name=&#8221;Salla Varenti&#8221; image_url=&#8221;https:\/\/www.finnishwarmblood.fi\/wp-content\/uploads\/2022\/01\/salla.jpg&#8221; _builder_version=&#8221;4.16&#8243; _module_preset=&#8221;default&#8221; width_tablet=&#8221;&#8221; width_phone=&#8221;75%&#8221; width_last_edited=&#8221;on|phone&#8221; max_width=&#8221;100%&#8221; max_width_tablet=&#8221;100%&#8221; max_width_phone=&#8221;100%&#8221; max_width_last_edited=&#8221;on|desktop&#8221; module_alignment=&#8221;center&#8221; module_alignment_tablet=&#8221;&#8221; module_alignment_phone=&#8221;center&#8221; module_alignment_last_edited=&#8221;on|phone&#8221; global_colors_info=&#8221;{}&#8221;]<\/p>\n<p><span>NHF, Laatuarvostelu (kilpailunjohtaja)<\/span><\/p>\n<p><span>Puh. 050 352 1278<\/span><br \/><span>salla.varenti(at)aulangonratsastuskoulu.fi<\/span><\/p>\n<p>[\/et_pb_team_member][\/et_pb_column][et_pb_column type=&#8221;1_6&#8243; _builder_version=&#8221;4.19.4&#8243; _module_preset=&#8221;default&#8221; global_colors_info=&#8221;{}&#8221;][et_pb_team_member _builder_version=&#8221;4.19.4&#8243; _module_preset=&#8221;default&#8221; width_tablet=&#8221;100%&#8221; width_phone=&#8221;100%&#8221; width_last_edited=&#8221;on|phone&#8221; max_width=&#8221;100%&#8221; max_width_tablet=&#8221;100%&#8221; max_width_phone=&#8221;75%&#8221; max_width_last_edited=&#8221;on|desktop&#8221; module_alignment=&#8221;center&#8221; module_alignment_tablet=&#8221;center&#8221; module_alignment_phone=&#8221;center&#8221; module_alignment_last_edited=&#8221;on|desktop&#8221; global_colors_info=&#8221;{}&#8221;][\/et_pb_team_member][\/et_pb_column][et_pb_column type=&#8221;1_6&#8243; _builder_version=&#8221;4.19.4&#8243; _module_preset=&#8221;default&#8221; global_colors_info=&#8221;{}&#8221;][et_pb_team_member name=&#8221;Minna Lepp\u00e4l\u00e4-Pirtil\u00e4&#8221; _builder_version=&#8221;4.19.4&#8243; _module_preset=&#8221;default&#8221; width_tablet=&#8221;&#8221; width_phone=&#8221;75%&#8221; width_last_edited=&#8221;on|phone&#8221; max_width=&#8221;100%&#8221; max_width_tablet=&#8221;100%&#8221; max_width_phone=&#8221;100%&#8221; max_width_last_edited=&#8221;on|desktop&#8221; module_alignment=&#8221;center&#8221; module_alignment_tablet=&#8221;&#8221; module_alignment_phone=&#8221;center&#8221; module_alignment_last_edited=&#8221;on|phone&#8221; global_colors_info=&#8221;{}&#8221;]<\/p>\n<p><span>Kyvyt Esiin<\/span><\/p>\n<p><span>Puh. 040 540 4438<\/span><br \/><span>mlequestrianism@gmail.com<\/span><\/p>\n<p>[\/et_pb_team_member][\/et_pb_column][\/et_pb_row][\/et_pb_section][et_pb_section fb_built=&#8221;1&#8243; _builder_version=&#8221;4.14.7&#8243; _module_preset=&#8221;default&#8221; background_color=&#8221;#0066a9&#8243; width_tablet=&#8221;&#8221; width_phone=&#8221;&#8221; width_last_edited=&#8221;on|phone&#8221; min_height=&#8221;336.1px&#8221; custom_margin=&#8221;1px||-1px|||&#8221; custom_margin_tablet=&#8221;1px||-1px|||&#8221; custom_margin_phone=&#8221;1px||-1px|||&#8221; custom_margin_last_edited=&#8221;on|phone&#8221; background_position_tablet=&#8221;center&#8221; global_module=&#8221;3902&#8243; saved_tabs=&#8221;all&#8221; global_colors_info=&#8221;{}&#8221;][et_pb_row column_structure=&#8221;1_3,1_3,1_3&#8243; _builder_version=&#8221;4.16&#8243; _module_preset=&#8221;default&#8221; max_width_tablet=&#8221;&#8221; max_width_phone=&#8221;&#8221; max_width_last_edited=&#8221;on|tablet&#8221; custom_margin=&#8221;|auto|-47px|auto||&#8221; global_colors_info=&#8221;{}&#8221;][et_pb_column type=&#8221;1_3&#8243; _builder_version=&#8221;4.16&#8243; _module_preset=&#8221;default&#8221; global_colors_info=&#8221;{}&#8221;][et_pb_text content_tablet=&#8221;<\/p>\n<p>\u00a0<\/p>\n<h3><span style=%22color: #ffffff;%22>YHTEYSTIEDOT<\/span><\/h3>\n<p><span style=%22color: #ffffff;%22><a href=%22mailto:info@finnishwarmblood.fi%22 style=%22color: #ffffff;%22>info@finnishwarmblood.fi<\/a><\/span><\/p>\n<p><span style=%22color: #ffffff;%22><\/span><\/p>\n<p><span style=%22color: #ffffff;%22><a href=%22https:\/\/www.finnishwarmblood.fi\/index.php\/4082-2\/%22 style=%22color: #ffffff;%22>HALLITUS JA VASTUUALUEET<\/a><\/span><\/p>\n<p>\u00a0<\/p>\n<p>\u00a0<\/p>\n<p>&#8221; content_phone=&#8221;<\/p>\n<p>\u00a0<\/p>\n<h3><span style=%22color: #ffffff;%22>YHTEYSTIEDOT<\/span><\/h3>\n<p><span style=%22color: #ffffff;%22><a href=%22mailto:info@finnishwarmblood.fi%22 style=%22color: #ffffff;%22>info@finnishwarmblood.fi<\/a><\/span><\/p>\n<p><span style=%22color: #ffffff;%22><\/span><\/p>\n<p><span style=%22color: #ffffff;%22><a href=%22https:\/\/www.finnishwarmblood.fi\/index.php\/4082-2\/%22 style=%22color: #ffffff;%22>HALLITUS JA VASTUUALUEET<\/a><\/span><\/p>\n<p>\u00a0<\/p>\n<p>\u00a0<\/p>\n<p>&#8221; content_last_edited=&#8221;on|phone&#8221; _builder_version=&#8221;4.16&#8243; _module_preset=&#8221;default&#8221; text_font=&#8221;Poppins||||||||&#8221; text_text_color=&#8221;#FFFFFF&#8221; min_height=&#8221;178px&#8221; custom_padding=&#8221;||0px|||&#8221; text_font_tablet=&#8221;&#8221; text_font_phone=&#8221;&#8221; text_font_last_edited=&#8221;on|phone&#8221; text_text_color_tablet=&#8221;#FFFFFF&#8221; text_text_color_phone=&#8221;#FFFFFF&#8221; text_text_color_last_edited=&#8221;on|phone&#8221; text_font_size_tablet=&#8221;14px&#8221; text_font_size_phone=&#8221;13px&#8221; text_font_size_last_edited=&#8221;on|tablet&#8221; header_text_align_tablet=&#8221;center&#8221; header_text_align_phone=&#8221;center&#8221; header_text_align_last_edited=&#8221;on|phone&#8221; text_orientation_tablet=&#8221;center&#8221; text_orientation_phone=&#8221;&#8221; text_orientation_last_edited=&#8221;on|phone&#8221; global_colors_info=&#8221;{}&#8221;]<\/p>\n<h3><a href=\"https:\/\/www.finnishwarmblood.fi\/index.php\/ota-yhteytta\/\"><span style=\"color: #ffffff;\">YHTEYSTIEDOT<\/span><\/a><\/h3>\n<p><span style=\"color: #ffffff;\"><a href=\"mailto:info@finnishwarmblood.fi\" style=\"color: #ffffff;\">info@finnishwarmblood.fi<\/a><\/span><\/p>\n<p><span style=\"color: #ffffff;\"><\/span><\/p>\n<p><span style=\"color: #ffffff;\"><a href=\"https:\/\/www.finnishwarmblood.fi\/index.php\/4082-2\/\" style=\"color: #ffffff;\">HALLITUS JA VASTUUALUEET<\/a><\/span><\/p>\n<p>[\/et_pb_text][\/et_pb_column][et_pb_column type=&#8221;1_3&#8243; _builder_version=&#8221;4.16&#8243; _module_preset=&#8221;default&#8221; global_colors_info=&#8221;{}&#8221;][et_pb_icon font_icon=&#8221;&#xf082;||fa||400&#8243; icon_color=&#8221;#FFFFFF&#8221; icon_width=&#8221;50px&#8221; url=&#8221;https:\/\/www.facebook.com\/ratsujalostusliitto&#8221; url_new_window=&#8221;on&#8221; icon_width_tablet=&#8221;50px&#8221; icon_width_phone=&#8221;51px&#8221; icon_width_last_edited=&#8221;on|desktop&#8221; align_tablet=&#8221;&#8221; align_phone=&#8221;&#8221; align_last_edited=&#8221;on|phone&#8221; _builder_version=&#8221;4.16&#8243; _module_preset=&#8221;default&#8221; global_colors_info=&#8221;{}&#8221;][\/et_pb_icon][et_pb_icon font_icon=&#8221;&#xe055;||fa||400&#8243; icon_color=&#8221;#FFFFFF&#8221; icon_width=&#8221;55px&#8221; url=&#8221;https:\/\/www.instagram.com\/finnishwarmblood\/&#8221; url_new_window=&#8221;on&#8221; icon_width_tablet=&#8221;50px&#8221; icon_width_phone=&#8221;&#8221; icon_width_last_edited=&#8221;on|phone&#8221; _builder_version=&#8221;4.16&#8243; _module_preset=&#8221;default&#8221; global_colors_info=&#8221;{}&#8221;][\/et_pb_icon][\/et_pb_column][et_pb_column type=&#8221;1_3&#8243; _builder_version=&#8221;4.16&#8243; _module_preset=&#8221;default&#8221; global_colors_info=&#8221;{}&#8221;][et_pb_text _builder_version=&#8221;4.16&#8243; _module_preset=&#8221;default&#8221; text_text_color=&#8221;#FFFFFF&#8221; text_font_size=&#8221;16px&#8221; text_font_size_tablet=&#8221;15px&#8221; text_font_size_phone=&#8221;13px&#8221; text_font_size_last_edited=&#8221;on|phone&#8221; global_colors_info=&#8221;{}&#8221;]<\/p>\n<p style=\"text-align: center;\">YHTEISTY\u00d6KUMPPANIT<\/p>\n<p>[\/et_pb_text][et_pb_image src=&#8221;https:\/\/www.finnishwarmblood.fi\/wp-content\/uploads\/2022\/01\/Hankkija_green.png&#8221; title_text=&#8221;Hankkija_green&#8221; url=&#8221;https:\/\/www.hankkija.fi&#8221; url_new_window=&#8221;on&#8221; _builder_version=&#8221;4.16&#8243; _module_preset=&#8221;default&#8221; width=&#8221;54%&#8221; width_tablet=&#8221;33%&#8221; width_phone=&#8221;67%&#8221; width_last_edited=&#8221;on|tablet&#8221; module_alignment=&#8221;center&#8221; custom_margin=&#8221;-23px|||14px|false|false&#8221; custom_padding=&#8221;|||16px|false|false&#8221; custom_padding_tablet=&#8221;|||8px|false|false&#8221; custom_padding_phone=&#8221;&#8221; custom_padding_last_edited=&#8221;on|phone&#8221; module_alignment_tablet=&#8221;center&#8221; module_alignment_phone=&#8221;&#8221; module_alignment_last_edited=&#8221;on|phone&#8221; global_colors_info=&#8221;{}&#8221;][\/et_pb_image][\/et_pb_column][\/et_pb_row][\/et_pb_section]<\/p>\n","protected":false},"excerpt":{"rendered":"<p>HallitusPuh. 040 544 2917hockus.wahlman(at)kolumbus.fipenttinoora(at)gmail.comLaatuarvostelu (koulu), Markkinointi Puh.\u00a0\u00a0040 587 6600alexandra.ahlqvist1(at)gmail.comLaatuarvostelu (koulu), Markkinointi, Nuorten hevosten valmennus (koulu) Puh. 050 331 3035stella(at)stellahagelstam.fiFWBY Assistentti, Youngster Meeting, Some Puh. 041 703 0378hmkorpi(at)gmail.comHevosgaala, Markkinointi, Juhlavuoden 2026 [&hellip;]<\/p>\n","protected":false},"author":1,"featured_media":0,"parent":0,"menu_order":0,"comment_status":"closed","ping_status":"closed","template":"","meta":{"_et_pb_use_builder":"on","_et_pb_old_content":"","_et_gb_content_width":"","footnotes":""},"class_list":["post-4082","page","type-page","status-publish","hentry"],"_links":{"self":[{"href":"https:\/\/www.finnishwarmblood.fi\/index.php\/wp-json\/wp\/v2\/pages\/4082","targetHints":{"allow":["GET"]}}],"collection":[{"href":"https:\/\/www.finnishwarmblood.fi\/index.php\/wp-json\/wp\/v2\/pages"}],"about":[{"href":"https:\/\/www.finnishwarmblood.fi\/index.php\/wp-json\/wp\/v2\/types\/page"}],"author":[{"embeddable":true,"href":"https:\/\/www.finnishwarmblood.fi\/index.php\/wp-json\/wp\/v2\/users\/1"}],"replies":[{"embeddable":true,"href":"https:\/\/www.finnishwarmblood.fi\/index.php\/wp-json\/wp\/v2\/comments?post=4082"}],"version-history":[{"count":25,"href":"https:\/\/www.finnishwarmblood.fi\/index.php\/wp-json\/wp\/v2\/pages\/4082\/revisions"}],"predecessor-version":[{"id":5449,"href":"https:\/\/www.finnishwarmblood.fi\/index.php\/wp-json\/wp\/v2\/pages\/4082\/revisions\/5449"}],"wp:attachment":[{"href":"https:\/\/www.finnishwarmblood.fi\/index.php\/wp-json\/wp\/v2\/media?parent=4082"}],"curies":[{"name":"wp","href":"https:\/\/api.w.org\/{rel}","templated":true}]}}