{"id":4423,"date":"2022-01-30T17:05:00","date_gmt":"2022-01-30T15:05:00","guid":{"rendered":"http:\/\/finnishwarmblood.net\/?page_id=4423"},"modified":"2022-02-06T17:41:18","modified_gmt":"2022-02-06T15:41:18","slug":"kolmevuotistestin-saannot","status":"publish","type":"page","link":"https:\/\/www.finnishwarmblood.fi\/index.php\/kolmevuotistestin-saannot\/","title":{"rendered":"kolmevuotistestin s\u00e4\u00e4nn\u00f6t"},"content":{"rendered":"<p>[et_pb_section fb_built=&#8221;1&#8243; _builder_version=&#8221;4.14.7&#8243; _module_preset=&#8221;default&#8221; use_background_color_gradient=&#8221;on&#8221; background_color_gradient_start=&#8221;rgba(0,0,0,0.75)&#8221; background_color_gradient_end=&#8221;rgba(4,5,1,0.61)&#8221; background_image=&#8221;https:\/\/www.finnishwarmblood.fi\/wp-content\/uploads\/2022\/01\/PHOTO-2022-01-30-15-59-25.jpg&#8221; background_blend=&#8221;darken&#8221; height=&#8221;400px&#8221; height_tablet=&#8221;400px&#8221; height_phone=&#8221;400px&#8221; height_last_edited=&#8221;on|desktop&#8221; global_colors_info=&#8221;{}&#8221;][et_pb_row custom_padding_last_edited=&#8221;on|desktop&#8221; _builder_version=&#8221;4.14.7&#8243; _module_preset=&#8221;default&#8221; custom_padding=&#8221;57px||||false|false&#8221; custom_padding_tablet=&#8221;57px||||false|false&#8221; custom_padding_phone=&#8221;57px||||false|false&#8221; global_colors_info=&#8221;{}&#8221;][et_pb_column type=&#8221;4_4&#8243; _builder_version=&#8221;4.14.7&#8243; _module_preset=&#8221;default&#8221; global_colors_info=&#8221;{}&#8221;][et_pb_text _builder_version=&#8221;4.14.7&#8243; _module_preset=&#8221;default&#8221; text_font=&#8221;Playfair Display||||||||&#8221; header_font=&#8221;Playfair Display||||||||&#8221; header_font_size=&#8221;42px&#8221; header_line_height=&#8221;1.2em&#8221; custom_margin=&#8221;45px||||false|false&#8221; custom_margin_tablet=&#8221;45px||||false|false&#8221; custom_margin_phone=&#8221;45px||||false|false&#8221; custom_margin_last_edited=&#8221;on|desktop&#8221; header_font_size_tablet=&#8221;37px&#8221; header_font_size_phone=&#8221;30px&#8221; header_font_size_last_edited=&#8221;on|phone&#8221; global_colors_info=&#8221;{}&#8221;]<\/p>\n<h1><span style=\"color: #ffffff;\">3-vuotistestin s\u00e4\u00e4nn\u00f6t<\/span><\/h1>\n<p>[\/et_pb_text][\/et_pb_column][\/et_pb_row][\/et_pb_section][et_pb_section fb_built=&#8221;1&#8243; _builder_version=&#8221;4.14.7&#8243; _module_preset=&#8221;default&#8221; global_colors_info=&#8221;{}&#8221;][et_pb_row _builder_version=&#8221;4.14.7&#8243; _module_preset=&#8221;default&#8221; custom_margin=&#8221;|auto|-11px|auto||&#8221; global_colors_info=&#8221;{}&#8221;][et_pb_column type=&#8221;4_4&#8243; _builder_version=&#8221;4.14.7&#8243; _module_preset=&#8221;default&#8221; global_colors_info=&#8221;{}&#8221;][et_pb_text content_tablet=&#8221;<\/p>\n<h3>S\u00e4\u00e4nn\u00f6t<\/h3>\n<p>Nuorten hevosten arvostelut ovat v\u00e4lietappi nuoren hevosen koulutuksessa ja antavat omistajalle arvokasta tietoa hevosen kilpailu- ja jalostusuran suunnitteluun.<\/p>\n<p>Nuorten hevosten arvostelut mahdollistavat oriiden aikaisen j\u00e4lkel\u00e4isarvostelun ja antavat v\u00e4lineen jalostustammojen valintaan.<\/p>\n<ul>\n<li>Testi j\u00e4rjestet\u00e4\u00e4n niill\u00e4 Kyvyt Esiin -paikkakunnilla, joilla on riitt\u00e4v\u00e4 m\u00e4\u00e4r\u00e4 osallistujia (v\u00e4hint\u00e4\u00e4n kymmenen 3-vuotiasta).<\/li>\n<li>Testin ajankohta 1.4-30.5 Kyvyt Esiin -katsastusten yhteydess\u00e4<\/li>\n<li>Kyvyt Esiin este- ja askellajikoe ovat osa testi\u00e4 (kts. Kyvyt Esiin -s\u00e4\u00e4nn\u00f6t)<\/li>\n<\/ul>\n<h3>Testin osa-alueet<\/h3>\n<ul>\n<li>Mittaus <strong>(ei vuonna 2019)<\/strong><\/li>\n<li>Rakennearvostelu (voidaan my\u00f6s suorittaa kaikissa Suomen Hippoksen n\u00e4yttelyiss\u00e4 30\/5 menness\u00e4)<\/li>\n<li>Askellajikoe vapaana ja maasta k\u00e4sin<\/li>\n<li>Irtohypytys<\/li>\n<\/ul>\n<h3>Osallistumisoikeus<\/h3>\n<p>Avoin FWB-kantakirjan p\u00e4\u00e4osastoon kuuluville ja Suomen Hippokseen rekister\u00f6idyille 3-vuotiaille hevosille.<\/p>\n<h3>Omistajan vastuu<\/h3>\n<ul>\n<li>Hevonen on todettu terveeksi.<\/li>\n<li>Hevosen kotitallissa ei ole todettu tarttuvaa tautia.<\/li>\n<li>Rokotukset ovat suositeltavia.<\/li>\n<li>Esitt\u00e4j\u00e4n on oltava v\u00e4hint\u00e4\u00e4n 16 vuotias.<\/li>\n<\/ul>\n<p>Ilmoittautuessa omistaja hyv\u00e4ksyy:<\/p>\n<ul>\n<li>FWB-yhdistyksell\u00e4 on oikeus arvostelup\u00f6yt\u00e4kirjojen kopioihin.<\/li>\n<li>Tuloksia voidaan k\u00e4ytt\u00e4\u00e4 tutkimus- ja kehitysty\u00f6h\u00f6n.<\/li>\n<\/ul>\n<h3>Yleiset ohjeet<\/h3>\n<p>Testin voi suorittaa vain kerran.<\/p>\n<p>Testin kulku<\/p>\n<ul>\n<li>Mittaus<\/li>\n<li>Tunnistus<\/li>\n<li>Irtohypytys ja askellajit<\/li>\n<li>Rakennearvostelu<\/li>\n<li>Kyvyt Esiin -tilaisuuksien j\u00e4lkimm\u00e4isell\u00e4 kerralla on 3-vuotistestin arvostelutilaisuus, ellei paikkakuntakohtaisesti ole ilmoitettu poikkeavaa ajankohtaa.<\/li>\n<li>Esitt\u00e4j\u00e4\/avustajat toimivat tuomareiden ohjeiden mukaisesti.<\/li>\n<li>Hevonen arvioidaan n\u00e4hdyn esityksen perusteella.<\/li>\n<li>Rakennearvostelussa hevonen n\u00e4ytet\u00e4\u00e4n ilman suojia.<\/li>\n<\/ul>\n<h3>Pisteytys ja tulokset<\/h3>\n<p><em>Pisteytys<\/em> 4-10 pistett\u00e4, 0,1-pisteit\u00e4 voi k\u00e4ytt\u00e4\u00e4.<\/p>\n<p>Kaikki hevoset pisteytet\u00e4\u00e4n seuraavasti: rakenne + askellajit ja rakenne + irtohypytys.<\/p>\n<p>RAKENNE:<\/p>\n<ul>\n<li>TYYPPI\u00a0(T)<\/li>\n<li>P\u00c4\u00c4,KAULA,RUNKO\u00a0(PKR)<\/li>\n<li>JALAT\u00a0JA\u00a0LIIKKEIDEN\u00a0S\u00c4\u00c4NN\u00d6LLISYYS\u00a0(JLS)<\/li>\n<\/ul>\n<p>ASKELLAJIT:<\/p>\n<ul>\n<li>K\u00c4YNTI (K)<\/li>\n<li>RAVI (R)<\/li>\n<li>LAUKKA (L)<\/li>\n<\/ul>\n<p>IRTOHYPYTYS:<\/p>\n<ul>\n<li>TEKNIIKKA\u00a0(TE)<\/li>\n<li>KYKY\u00a0(KY)<\/li>\n<li>LUONNE JA YHTEISTY\u00d6KYKY (LY)<\/li>\n<\/ul>\n<p><em>Tulokset<\/em><\/p>\n<p>Suorituksen j\u00e4lkeen osallistuja saa suullisen arvostelun. Kirjallinen arvostelulomake ja kokonaistulos l\u00e4hetet\u00e4\u00e4n hevosen omistajalle.<\/p>\n<p>Hyv\u00e4ksytysti testin suorittaneet saavat suorituksestaan plakaatin.<\/p>\n<p>Tuloslistat julkaistaan FWB-yhdistyksen kotisivuilla. Omistajalla on oikeus kielt\u00e4\u00e4 tuloksen julkaiseminen. Hevonen, jonka tulos on v\u00e4hint\u00e4\u00e4n 47 pistett\u00e4, eik\u00e4 mik\u00e4\u00e4n arvostelukohta ole alle 7, on oikeutettu diplomiin edellytt\u00e4en, ett\u00e4 sen tulos saadaan julkaista FWB-yhdistyksen kotisivuilla.<\/p>\n<h3>Tuloslaskenta<\/h3>\n<p>Kokonaistuloksen laskemisessa huomioidaan<\/p>\n<p>Lupaava askellajihevonen<br \/>T+PKR+JLS+K+R+L<\/p>\n<p>Lupaava estehevonen<br \/>T+PKR+JLS+TE+KY+LY<\/p>\n<h3>Diplomi<\/h3>\n<p>V\u00e4hint\u00e4\u00e4n 47 pistett\u00e4, mik\u00e4\u00e4n arvostelukohta ei saa olla alle 7. Tulos saadaan julkaista FWB-yhdistyksen kotisivuilla.<\/p>\n<p>Arvostelun suorittavat hyv\u00e4ksytyt rakenne- askellaji- ja estetuomarit.<\/p>\n<p>&#8221; content_phone=&#8221;<\/p>\n<h3>S\u00e4\u00e4nn\u00f6t<\/h3>\n<p>Nuorten hevosten arvostelut ovat v\u00e4lietappi nuoren hevosen koulutuksessa ja antavat omistajalle arvokasta tietoa hevosen kilpailu- ja jalostusuran suunnitteluun.<\/p>\n<p>Nuorten hevosten arvostelut mahdollistavat oriiden aikaisen j\u00e4lkel\u00e4isarvostelun ja antavat v\u00e4lineen jalostustammojen valintaan.<\/p>\n<ul>\n<li>Testi j\u00e4rjestet\u00e4\u00e4n niill\u00e4 Kyvyt Esiin -paikkakunnilla, joilla on riitt\u00e4v\u00e4 m\u00e4\u00e4r\u00e4 osallistujia (v\u00e4hint\u00e4\u00e4n kymmenen 3-vuotiasta).<\/li>\n<li>Testin ajankohta 1.4-30.5 Kyvyt Esiin -katsastusten yhteydess\u00e4<\/li>\n<li>Kyvyt Esiin este- ja askellajikoe ovat osa testi\u00e4 (kts. Kyvyt Esiin -s\u00e4\u00e4nn\u00f6t)<\/li>\n<\/ul>\n<h3>Testin osa-alueet<\/h3>\n<ul>\n<li>Mittaus <strong>(ei vuonna 2019)<\/strong><\/li>\n<li>Rakennearvostelu (voidaan my\u00f6s suorittaa kaikissa Suomen Hippoksen n\u00e4yttelyiss\u00e4 30\/5 menness\u00e4)<\/li>\n<li>Askellajikoe vapaana ja maasta k\u00e4sin<\/li>\n<li>Irtohypytys<\/li>\n<\/ul>\n<h3>Osallistumisoikeus<\/h3>\n<p>Avoin FWB-kantakirjan p\u00e4\u00e4osastoon kuuluville ja Suomen Hippokseen rekister\u00f6idyille 3-vuotiaille hevosille.<\/p>\n<h3>Omistajan vastuu<\/h3>\n<ul>\n<li>Hevonen on todettu terveeksi.<\/li>\n<li>Hevosen kotitallissa ei ole todettu tarttuvaa tautia.<\/li>\n<li>Rokotukset ovat suositeltavia.<\/li>\n<li>Esitt\u00e4j\u00e4n on oltava v\u00e4hint\u00e4\u00e4n 16 vuotias.<\/li>\n<\/ul>\n<p>Ilmoittautuessa omistaja hyv\u00e4ksyy:<\/p>\n<ul>\n<li>FWB-yhdistyksell\u00e4 on oikeus arvostelup\u00f6yt\u00e4kirjojen kopioihin.<\/li>\n<li>Tuloksia voidaan k\u00e4ytt\u00e4\u00e4 tutkimus- ja kehitysty\u00f6h\u00f6n.<\/li>\n<\/ul>\n<h3>Yleiset ohjeet<\/h3>\n<p>Testin voi suorittaa vain kerran.<\/p>\n<p>Testin kulku<\/p>\n<ul>\n<li>Mittaus<\/li>\n<li>Tunnistus<\/li>\n<li>Irtohypytys ja askellajit<\/li>\n<li>Rakennearvostelu<\/li>\n<li>Kyvyt Esiin -tilaisuuksien j\u00e4lkimm\u00e4isell\u00e4 kerralla on 3-vuotistestin arvostelutilaisuus, ellei paikkakuntakohtaisesti ole ilmoitettu poikkeavaa ajankohtaa.<\/li>\n<li>Esitt\u00e4j\u00e4\/avustajat toimivat tuomareiden ohjeiden mukaisesti.<\/li>\n<li>Hevonen arvioidaan n\u00e4hdyn esityksen perusteella.<\/li>\n<li>Rakennearvostelussa hevonen n\u00e4ytet\u00e4\u00e4n ilman suojia.<\/li>\n<\/ul>\n<h3>Pisteytys ja tulokset<\/h3>\n<p><em>Pisteytys<\/em> 4-10 pistett\u00e4, 0,1-pisteit\u00e4 voi k\u00e4ytt\u00e4\u00e4.<\/p>\n<p>Kaikki hevoset pisteytet\u00e4\u00e4n seuraavasti: rakenne + askellajit ja rakenne + irtohypytys.<\/p>\n<p>RAKENNE:<\/p>\n<ul>\n<li>TYYPPI\u00a0(T)<\/li>\n<li>P\u00c4\u00c4,KAULA,RUNKO\u00a0(PKR)<\/li>\n<li>JALAT\u00a0JA\u00a0LIIKKEIDEN\u00a0S\u00c4\u00c4NN\u00d6LLISYYS\u00a0(JLS)<\/li>\n<\/ul>\n<p>ASKELLAJIT:<\/p>\n<ul>\n<li>K\u00c4YNTI (K)<\/li>\n<li>RAVI (R)<\/li>\n<li>LAUKKA (L)<\/li>\n<\/ul>\n<p>IRTOHYPYTYS:<\/p>\n<ul>\n<li>TEKNIIKKA\u00a0(TE)<\/li>\n<li>KYKY\u00a0(KY)<\/li>\n<li>LUONNE JA YHTEISTY\u00d6KYKY (LY)<\/li>\n<\/ul>\n<p><em>Tulokset<\/em><\/p>\n<p>Suorituksen j\u00e4lkeen osallistuja saa suullisen arvostelun. Kirjallinen arvostelulomake ja kokonaistulos l\u00e4hetet\u00e4\u00e4n hevosen omistajalle.<\/p>\n<p>Hyv\u00e4ksytysti testin suorittaneet saavat suorituksestaan plakaatin.<\/p>\n<p>Tuloslistat julkaistaan FWB-yhdistyksen kotisivuilla. Omistajalla on oikeus kielt\u00e4\u00e4 tuloksen julkaiseminen. Hevonen, jonka tulos on v\u00e4hint\u00e4\u00e4n 47 pistett\u00e4, eik\u00e4 mik\u00e4\u00e4n arvostelukohta ole alle 7, on oikeutettu diplomiin edellytt\u00e4en, ett\u00e4 sen tulos saadaan julkaista FWB-yhdistyksen kotisivuilla.<\/p>\n<h3>Tuloslaskenta<\/h3>\n<p>Kokonaistuloksen laskemisessa huomioidaan<\/p>\n<p>Lupaava askellajihevonen<br \/>T+PKR+JLS+K+R+L<\/p>\n<p>Lupaava estehevonen<br \/>T+PKR+JLS+TE+KY+LY<\/p>\n<h3>Diplomi<\/h3>\n<p>V\u00e4hint\u00e4\u00e4n 47 pistett\u00e4, mik\u00e4\u00e4n arvostelukohta ei saa olla alle 7. Tulos saadaan julkaista FWB-yhdistyksen kotisivuilla.<\/p>\n<p>Arvostelun suorittavat hyv\u00e4ksytyt rakenne- askellaji- ja estetuomarit.<\/p>\n<p>&#8221; content_last_edited=&#8221;on|phone&#8221; _builder_version=&#8221;4.14.7&#8243; _module_preset=&#8221;default&#8221; hover_enabled=&#8221;0&#8243; global_colors_info=&#8221;{}&#8221; sticky_enabled=&#8221;0&#8243;]<\/p>\n<h3>S\u00e4\u00e4nn\u00f6t<\/h3>\n<p>Nuorten hevosten arvostelut ovat v\u00e4lietappi nuoren hevosen koulutuksessa ja antavat omistajalle arvokasta tietoa hevosen kilpailu- ja jalostusuran suunnitteluun.<\/p>\n<p>Nuorten hevosten arvostelut mahdollistavat oriiden aikaisen j\u00e4lkel\u00e4isarvostelun ja antavat v\u00e4lineen jalostustammojen valintaan.<\/p>\n<ul>\n<li>Testi j\u00e4rjestet\u00e4\u00e4n niill\u00e4 Kyvyt Esiin -paikkakunnilla, joilla on riitt\u00e4v\u00e4 m\u00e4\u00e4r\u00e4 osallistujia (v\u00e4hint\u00e4\u00e4n kymmenen 3-vuotiasta).<\/li>\n<li>Testin ajankohta 1.4-30.5 Kyvyt Esiin -katsastusten yhteydess\u00e4<\/li>\n<li>Kyvyt Esiin este- ja askellajikoe ovat osa testi\u00e4 (kts. Kyvyt Esiin -s\u00e4\u00e4nn\u00f6t)<\/li>\n<\/ul>\n<h3>Testin osa-alueet<\/h3>\n<ul>\n<li>Mittaus <strong>(ei vuonna 2019)<\/strong><\/li>\n<li>Rakennearvostelu (voidaan my\u00f6s suorittaa kaikissa Suomen Hippoksen n\u00e4yttelyiss\u00e4 30\/5 menness\u00e4)<\/li>\n<li>Askellajikoe vapaana ja maasta k\u00e4sin<\/li>\n<li>Irtohypytys<\/li>\n<\/ul>\n<h3>Osallistumisoikeus<\/h3>\n<p>Avoin FWB-kantakirjan p\u00e4\u00e4osastoon kuuluville ja Suomen Hippokseen rekister\u00f6idyille 3-vuotiaille hevosille.<\/p>\n<h3>Omistajan vastuu<\/h3>\n<ul>\n<li>Hevonen on todettu terveeksi.<\/li>\n<li>Hevosen kotitallissa ei ole todettu tarttuvaa tautia.<\/li>\n<li>Rokotukset ovat suositeltavia.<\/li>\n<li>Esitt\u00e4j\u00e4n on oltava v\u00e4hint\u00e4\u00e4n 16 vuotias.<\/li>\n<\/ul>\n<p>Ilmoittautuessa omistaja hyv\u00e4ksyy:<\/p>\n<ul>\n<li>FWB-yhdistyksell\u00e4 on oikeus arvostelup\u00f6yt\u00e4kirjojen kopioihin.<\/li>\n<li>Tuloksia voidaan k\u00e4ytt\u00e4\u00e4 tutkimus- ja kehitysty\u00f6h\u00f6n.<\/li>\n<\/ul>\n<h3>Yleiset ohjeet<\/h3>\n<p>Testin voi suorittaa vain kerran.<\/p>\n<p>Testin kulku<\/p>\n<ul>\n<li>Mittaus<\/li>\n<li>Tunnistus<\/li>\n<li>Irtohypytys ja askellajit<\/li>\n<li>Rakennearvostelu<\/li>\n<li>Kyvyt Esiin -tilaisuuksien j\u00e4lkimm\u00e4isell\u00e4 kerralla on 3-vuotistestin arvostelutilaisuus, ellei paikkakuntakohtaisesti ole ilmoitettu poikkeavaa ajankohtaa.<\/li>\n<li>Esitt\u00e4j\u00e4\/avustajat toimivat tuomareiden ohjeiden mukaisesti.<\/li>\n<li>Hevonen arvioidaan n\u00e4hdyn esityksen perusteella.<\/li>\n<li>Rakennearvostelussa hevonen n\u00e4ytet\u00e4\u00e4n ilman suojia.<\/li>\n<\/ul>\n<h3>Pisteytys ja tulokset<\/h3>\n<p><em>Pisteytys<\/em> 4-10 pistett\u00e4, 0,1-pisteit\u00e4 voi k\u00e4ytt\u00e4\u00e4.<\/p>\n<p>Kaikki hevoset pisteytet\u00e4\u00e4n seuraavasti: rakenne + askellajit ja rakenne + irtohypytys.<\/p>\n<p>RAKENNE:<\/p>\n<ul>\n<li>TYYPPI\u00a0(T)<\/li>\n<li>P\u00c4\u00c4,KAULA,RUNKO\u00a0(PKR)<\/li>\n<li>JALAT\u00a0JA\u00a0LIIKKEIDEN\u00a0S\u00c4\u00c4NN\u00d6LLISYYS\u00a0(JLS)<\/li>\n<\/ul>\n<p>ASKELLAJIT:<\/p>\n<ul>\n<li>K\u00c4YNTI (K)<\/li>\n<li>RAVI (R)<\/li>\n<li>LAUKKA (L)<\/li>\n<\/ul>\n<p>IRTOHYPYTYS:<\/p>\n<ul>\n<li>TEKNIIKKA\u00a0(TE)<\/li>\n<li>KYKY\u00a0(KY)<\/li>\n<li>LUONNE JA YHTEISTY\u00d6KYKY (LY)<\/li>\n<\/ul>\n<p><em>Tulokset<\/em><\/p>\n<p>Suorituksen j\u00e4lkeen osallistuja saa suullisen arvostelun. Kirjallinen arvostelulomake ja kokonaistulos l\u00e4hetet\u00e4\u00e4n hevosen omistajalle.<\/p>\n<p>Hyv\u00e4ksytysti testin suorittaneet saavat suorituksestaan plakaatin.<\/p>\n<p>Tuloslistat julkaistaan FWB-yhdistyksen kotisivuilla. Omistajalla on oikeus kielt\u00e4\u00e4 tuloksen julkaiseminen. Hevonen, jonka tulos on v\u00e4hint\u00e4\u00e4n 47 pistett\u00e4, eik\u00e4 mik\u00e4\u00e4n arvostelukohta ole alle 7, on oikeutettu diplomiin edellytt\u00e4en, ett\u00e4 sen tulos saadaan julkaista FWB-yhdistyksen kotisivuilla.<\/p>\n<h3>Tuloslaskenta<\/h3>\n<p>Kokonaistuloksen laskemisessa huomioidaan<\/p>\n<p>Lupaava askellajihevonen<br \/>T+PKR+JLS+K+R+L<\/p>\n<p>Lupaava estehevonen<br \/>T+PKR+JLS+TE+KY+LY<\/p>\n<h3>Diplomi<\/h3>\n<p>V\u00e4hint\u00e4\u00e4n 47 pistett\u00e4, mik\u00e4\u00e4n arvostelukohta ei saa olla alle 7. Tulos saadaan julkaista FWB-yhdistyksen kotisivuilla.<\/p>\n<p>Arvostelun suorittavat hyv\u00e4ksytyt rakenne- askellaji- ja estetuomarit.<\/p>\n<p>[\/et_pb_text][\/et_pb_column][\/et_pb_row][\/et_pb_section][et_pb_section fb_built=&#8221;1&#8243; _builder_version=&#8221;4.14.7&#8243; _module_preset=&#8221;default&#8221; background_color=&#8221;#0066a9&#8243; width_tablet=&#8221;&#8221; width_phone=&#8221;&#8221; width_last_edited=&#8221;on|phone&#8221; min_height=&#8221;336.1px&#8221; custom_margin=&#8221;1px||-1px|||&#8221; custom_margin_last_edited=&#8221;on|phone&#8221; background_position_tablet=&#8221;center&#8221; global_module=&#8221;3902&#8243; saved_tabs=&#8221;all&#8221; global_colors_info=&#8221;{}&#8221; custom_margin_tablet=&#8221;1px||-1px|||&#8221; custom_margin_phone=&#8221;1px||-1px|||&#8221;][et_pb_row column_structure=&#8221;1_3,1_3,1_3&#8243; _builder_version=&#8221;4.14.7&#8243; _module_preset=&#8221;default&#8221; max_width_tablet=&#8221;&#8221; max_width_phone=&#8221;&#8221; max_width_last_edited=&#8221;on|tablet&#8221; custom_margin=&#8221;|auto|-47px|auto||&#8221; global_colors_info=&#8221;{}&#8221;][et_pb_column type=&#8221;1_3&#8243; _builder_version=&#8221;4.14.7&#8243; _module_preset=&#8221;default&#8221; global_colors_info=&#8221;{}&#8221;][et_pb_text content_tablet=&#8221;<\/p>\n<\/p>\n<h3><span style=%22color: #ffffff;%22>YHTEYSTIEDOT<\/span><\/h3>\n<p><span style=%22color: #ffffff;%22><a href=%22mailto:info@finnishwarmblood.fi%22 style=%22color: #ffffff;%22>info@finnishwarmblood.fi<\/a><\/span><\/p>\n<p><span style=%22color: #ffffff;%22><\/span><\/p>\n<p><span style=%22color: #ffffff;%22><span style=%22font-size: 14px; background-color: #0066a9; caret-color: #ffffff;%22>Nopeiten tavoitat meid\u00e4t laittamalla<\/span><span style=%22font-size: 14px; background-color: #0066a9; caret-color: #ffffff;%22><br \/><\/span><span style=%22font-size: 14px; background-color: #0066a9; caret-color: #ffffff;%22>viesti\u00e4 sosiaalisen median kautta<\/span><\/span><\/p>\n<p><span style=%22color: #ffffff;%22><a href=%22https:\/\/www.finnishwarmblood.fi\/index.php\/4082-2\/%22 style=%22color: #ffffff;%22>HALLITUS<\/a><\/span><\/p>\n<\/p>\n<p>&#8221; content_phone=&#8221;<\/p>\n<\/p>\n<h3><span style=%22color: #ffffff;%22>YHTEYSTIEDOT<\/span><\/h3>\n<p><span style=%22color: #ffffff;%22><a href=%22mailto:info@finnishwarmblood.fi%22 style=%22color: #ffffff;%22>info@finnishwarmblood.fi<\/a><\/span><\/p>\n<p><span style=%22color: #ffffff;%22><\/span><\/p>\n<p><span style=%22color: #ffffff;%22><span style=%22font-size: 14px; background-color: #0066a9; caret-color: #ffffff;%22>Nopeiten tavoitat meid\u00e4t laittamalla<\/span><span style=%22font-size: 14px; background-color: #0066a9; caret-color: #ffffff;%22><br \/><\/span><span style=%22font-size: 14px; background-color: #0066a9; caret-color: #ffffff;%22>viesti\u00e4 sosiaalisen median kautta<\/span><\/span><\/p>\n<p><span style=%22color: #ffffff;%22><a href=%22https:\/\/www.finnishwarmblood.fi\/index.php\/4082-2\/%22 style=%22color: #ffffff;%22>HALLITUS<\/a><\/span><\/p>\n<\/p>\n<p>&#8221; content_last_edited=&#8221;on|phone&#8221; _builder_version=&#8221;4.14.7&#8243; _module_preset=&#8221;default&#8221; text_font=&#8221;Poppins||||||||&#8221; text_text_color=&#8221;#FFFFFF&#8221; min_height=&#8221;178px&#8221; custom_padding=&#8221;||0px|||&#8221; text_font_tablet=&#8221;&#8221; text_font_phone=&#8221;&#8221; text_font_last_edited=&#8221;on|phone&#8221; text_text_color_tablet=&#8221;#FFFFFF&#8221; text_text_color_phone=&#8221;#FFFFFF&#8221; text_text_color_last_edited=&#8221;on|phone&#8221; text_font_size_tablet=&#8221;14px&#8221; text_font_size_phone=&#8221;13px&#8221; text_font_size_last_edited=&#8221;on|tablet&#8221; header_text_align_tablet=&#8221;center&#8221; header_text_align_phone=&#8221;center&#8221; header_text_align_last_edited=&#8221;on|phone&#8221; text_orientation_tablet=&#8221;center&#8221; text_orientation_phone=&#8221;&#8221; text_orientation_last_edited=&#8221;on|phone&#8221; global_colors_info=&#8221;{}&#8221;]<\/p>\n<h3><span style=\"color: #ffffff;\">YHTEYSTIEDOT<\/span><\/h3>\n<p><span style=\"color: #ffffff;\"><a href=\"mailto:info@finnishwarmblood.fi\" style=\"color: #ffffff;\">info@finnishwarmblood.fi<\/a><\/span><\/p>\n<p><span style=\"color: #ffffff;\"><\/span><\/p>\n<p><span style=\"color: #ffffff;\"><span style=\"font-size: 14px; background-color: #0066a9; caret-color: #ffffff;\">Nopeiten tavoitat meid\u00e4t laittamalla<\/span><span style=\"font-size: 14px; background-color: #0066a9; caret-color: #ffffff;\"><br \/><\/span><span style=\"font-size: 14px; background-color: #0066a9; caret-color: #ffffff;\">viesti\u00e4 sosiaalisen median kautta<\/span><\/span><\/p>\n<p><span style=\"color: #ffffff;\"><a href=\"https:\/\/www.finnishwarmblood.fi\/index.php\/4082-2\/\" style=\"color: #ffffff;\">HALLITUS<\/a><\/span><\/p>\n<p>[\/et_pb_text][\/et_pb_column][et_pb_column type=&#8221;1_3&#8243; _builder_version=&#8221;4.14.7&#8243; _module_preset=&#8221;default&#8221; global_colors_info=&#8221;{}&#8221;][et_pb_icon font_icon=&#8221;&#xf082;||fa||400&#8243; icon_color=&#8221;#FFFFFF&#8221; icon_width=&#8221;50px&#8221; url=&#8221;https:\/\/www.facebook.com\/finnishwarmblood&#8221; url_new_window=&#8221;on&#8221; icon_width_tablet=&#8221;50px&#8221; icon_width_phone=&#8221;51px&#8221; icon_width_last_edited=&#8221;on|desktop&#8221; align_tablet=&#8221;&#8221; align_phone=&#8221;&#8221; align_last_edited=&#8221;on|phone&#8221; _builder_version=&#8221;4.14.7&#8243; _module_preset=&#8221;default&#8221; global_colors_info=&#8221;{}&#8221;][\/et_pb_icon][et_pb_icon font_icon=&#8221;&#xe055;||fa||400&#8243; icon_color=&#8221;#FFFFFF&#8221; icon_width=&#8221;55px&#8221; url=&#8221;https:\/\/www.instagram.com\/finnishwarmblood\/&#8221; url_new_window=&#8221;on&#8221; icon_width_tablet=&#8221;50px&#8221; icon_width_phone=&#8221;&#8221; icon_width_last_edited=&#8221;on|phone&#8221; _builder_version=&#8221;4.14.7&#8243; _module_preset=&#8221;default&#8221; global_colors_info=&#8221;{}&#8221;][\/et_pb_icon][\/et_pb_column][et_pb_column type=&#8221;1_3&#8243; _builder_version=&#8221;4.14.7&#8243; _module_preset=&#8221;default&#8221; global_colors_info=&#8221;{}&#8221;][et_pb_text _builder_version=&#8221;4.14.7&#8243; _module_preset=&#8221;default&#8221; text_text_color=&#8221;#FFFFFF&#8221; text_font_size=&#8221;16px&#8221; text_font_size_tablet=&#8221;15px&#8221; text_font_size_phone=&#8221;13px&#8221; text_font_size_last_edited=&#8221;on|phone&#8221; global_colors_info=&#8221;{}&#8221;]<\/p>\n<p style=\"text-align: center;\">YHTEISTY\u00d6KUMPPANIT<\/p>\n<p>[\/et_pb_text][et_pb_image src=&#8221;https:\/\/www.finnishwarmblood.fi\/wp-content\/uploads\/2022\/01\/ec46f34d-pohjantahti_ihmisen-kokoinen_punainen_musta_rgb-300&#215;73-1.png&#8221; title_text=&#8221;ec46f34d-pohjantahti_ihmisen-kokoinen_punainen_musta_rgb-300&#215;73&#8243; align=&#8221;center&#8221; _builder_version=&#8221;4.14.7&#8243; _module_preset=&#8221;default&#8221; width=&#8221;66%&#8221; width_tablet=&#8221;100%&#8221; width_phone=&#8221;&#8221; width_last_edited=&#8221;on|phone&#8221; max_width=&#8221;77%&#8221; max_width_tablet=&#8221;91%&#8221; max_width_phone=&#8221;&#8221; max_width_last_edited=&#8221;on|tablet&#8221; module_alignment=&#8221;center&#8221; custom_margin=&#8221;|||0px|false|false&#8221; global_colors_info=&#8221;{}&#8221;][\/et_pb_image][et_pb_image src=&#8221;https:\/\/www.finnishwarmblood.fi\/wp-content\/uploads\/2022\/01\/Hankkija_green.png&#8221; title_text=&#8221;Hankkija_green&#8221; _builder_version=&#8221;4.14.7&#8243; _module_preset=&#8221;default&#8221; width=&#8221;54%&#8221; width_tablet=&#8221;33%&#8221; width_phone=&#8221;67%&#8221; width_last_edited=&#8221;on|tablet&#8221; module_alignment=&#8221;center&#8221; custom_margin=&#8221;-23px|||14px|false|false&#8221; custom_padding=&#8221;|||16px|false|false&#8221; custom_padding_tablet=&#8221;|||8px|false|false&#8221; custom_padding_phone=&#8221;&#8221; custom_padding_last_edited=&#8221;on|phone&#8221; module_alignment_tablet=&#8221;center&#8221; module_alignment_phone=&#8221;&#8221; module_alignment_last_edited=&#8221;on|phone&#8221; global_colors_info=&#8221;{}&#8221;][\/et_pb_image][\/et_pb_column][\/et_pb_row][\/et_pb_section]<\/p>\n","protected":false},"excerpt":{"rendered":"<p>3-vuotistestin s\u00e4\u00e4nn\u00f6tS\u00e4\u00e4nn\u00f6t Nuorten hevosten arvostelut ovat v\u00e4lietappi nuoren hevosen koulutuksessa ja antavat omistajalle arvokasta tietoa hevosen kilpailu- ja jalostusuran suunnitteluun. Nuorten hevosten arvostelut mahdollistavat oriiden aikaisen j\u00e4lkel\u00e4isarvostelun ja antavat v\u00e4lineen [&hellip;]<\/p>\n","protected":false},"author":1,"featured_media":0,"parent":0,"menu_order":0,"comment_status":"closed","ping_status":"closed","template":"","meta":{"_et_pb_use_builder":"on","_et_pb_old_content":"","_et_gb_content_width":"","footnotes":""},"class_list":["post-4423","page","type-page","status-publish","hentry"],"_links":{"self":[{"href":"https:\/\/www.finnishwarmblood.fi\/index.php\/wp-json\/wp\/v2\/pages\/4423","targetHints":{"allow":["GET"]}}],"collection":[{"href":"https:\/\/www.finnishwarmblood.fi\/index.php\/wp-json\/wp\/v2\/pages"}],"about":[{"href":"https:\/\/www.finnishwarmblood.fi\/index.php\/wp-json\/wp\/v2\/types\/page"}],"author":[{"embeddable":true,"href":"https:\/\/www.finnishwarmblood.fi\/index.php\/wp-json\/wp\/v2\/users\/1"}],"replies":[{"embeddable":true,"href":"https:\/\/www.finnishwarmblood.fi\/index.php\/wp-json\/wp\/v2\/comments?post=4423"}],"version-history":[{"count":4,"href":"https:\/\/www.finnishwarmblood.fi\/index.php\/wp-json\/wp\/v2\/pages\/4423\/revisions"}],"predecessor-version":[{"id":4527,"href":"https:\/\/www.finnishwarmblood.fi\/index.php\/wp-json\/wp\/v2\/pages\/4423\/revisions\/4527"}],"wp:attachment":[{"href":"https:\/\/www.finnishwarmblood.fi\/index.php\/wp-json\/wp\/v2\/media?parent=4423"}],"curies":[{"name":"wp","href":"https:\/\/api.w.org\/{rel}","templated":true}]}}