{"id":4429,"date":"2022-01-30T17:15:53","date_gmt":"2022-01-30T15:15:53","guid":{"rendered":"http:\/\/finnishwarmblood.net\/?page_id=4429"},"modified":"2026-03-31T06:20:20","modified_gmt":"2026-03-31T04:20:20","slug":"kyvyt-esiin","status":"publish","type":"page","link":"https:\/\/www.finnishwarmblood.fi\/index.php\/kyvyt-esiin\/","title":{"rendered":"Kyvyt esiin"},"content":{"rendered":"<p>[et_pb_section fb_built=&#8221;1&#8243; _builder_version=&#8221;4.16&#8243; _module_preset=&#8221;default&#8221; use_background_color_gradient=&#8221;on&#8221; background_color_gradient_stops=&#8221;rgba(0,0,0,0.75) 0%|rgba(4,5,1,0.61) 100%&#8221; background_color_gradient_start=&#8221;rgba(0,0,0,0.75)&#8221; background_color_gradient_end=&#8221;rgba(4,5,1,0.61)&#8221; background_image=&#8221;https:\/\/www.finnishwarmblood.fi\/wp-content\/uploads\/2022\/01\/PHOTO-2022-01-30-14-19-12.jpg&#8221; background_blend=&#8221;darken&#8221; height=&#8221;400px&#8221; height_tablet=&#8221;400px&#8221; height_phone=&#8221;400px&#8221; height_last_edited=&#8221;on|phone&#8221; global_colors_info=&#8221;{}&#8221;][et_pb_row _builder_version=&#8221;4.16&#8243; _module_preset=&#8221;default&#8221; global_colors_info=&#8221;{}&#8221;][et_pb_column type=&#8221;4_4&#8243; _builder_version=&#8221;4.16&#8243; _module_preset=&#8221;default&#8221; global_colors_info=&#8221;{}&#8221;][et_pb_text _builder_version=&#8221;4.16&#8243; _module_preset=&#8221;default&#8221; text_font=&#8221;Playfair Display||||||||&#8221; header_font=&#8221;Playfair Display||||||||&#8221; header_font_size=&#8221;42px&#8221; header_line_height=&#8221;1.2em&#8221; custom_margin=&#8221;45px||||false|false&#8221; custom_margin_tablet=&#8221;45px||||false|false&#8221; custom_margin_phone=&#8221;45px||||false|false&#8221; custom_margin_last_edited=&#8221;on|phone&#8221; header_font_size_tablet=&#8221;37px&#8221; header_font_size_phone=&#8221;30px&#8221; header_font_size_last_edited=&#8221;on|phone&#8221; global_colors_info=&#8221;{}&#8221;]<\/p>\n<h1><span style=\"color: #ffffff;\">Kyvyt esiin<br \/><\/span><\/h1>\n<p>[\/et_pb_text][\/et_pb_column][\/et_pb_row][\/et_pb_section][et_pb_section fb_built=&#8221;1&#8243; _builder_version=&#8221;4.16&#8243; _module_preset=&#8221;default&#8221; width=&#8221;97.7%&#8221; custom_padding=&#8221;|||2px||&#8221; global_colors_info=&#8221;{}&#8221;][et_pb_row _builder_version=&#8221;4.27.4&#8243; _module_preset=&#8221;default&#8221; custom_padding=&#8221;618px|||||&#8221; hover_enabled=&#8221;0&#8243; global_colors_info=&#8221;{}&#8221; sticky_enabled=&#8221;0&#8243;][et_pb_column type=&#8221;4_4&#8243; _builder_version=&#8221;4.16&#8243; _module_preset=&#8221;default&#8221; global_colors_info=&#8221;{}&#8221;][et_pb_text content_tablet=&#8221;<\/p>\n<h3>Kyvyt Esiin<\/h3>\n<p>Kyvyt Esiin 2026<\/p>\n<p><a href=%22https:\/\/www.finnishwarmblood.fi\/wp-content\/uploads\/2026\/03\/KYVYT-ESIIN-OHJEET-2026_osallistujat-6.pdf%22>Kyvyt Esiin ohjeet ja kutsu osallistujille 2026<\/a><\/p>\n<p><a href=%22https:\/\/docs.google.com\/spreadsheets\/d\/11AVKBRi84fqfgMHFP7QGoBPfdKllRkK-cmGw2UyqO0o\/edit?usp=sharing%22>Kyvyt Esiin 2026 aikataulut ja tulokset<\/a><\/p>\n<p>&nbsp;<\/p>\n<p><span style=%22font-family: inherit; font-size: small; font-weight: normal;%22><a href=%22https:\/\/docs.google.com\/spreadsheets\/d\/1UVv1oZk2IG3E3GMwkwThz6-mJ9f8JEhMaQoTkFtefMU\/edit?usp=drivesdk%20 T\u00e4ss\u00e4 tulosten liveseurantalinkki%22>TULOKSET FINAALI 2025<\/a><\/span><span style=%22font-family: inherit; font-size: small; font-weight: normal;%22><\/span><\/p>\n<p>Lineaariset profiloinnit finaali 2025<span style=%22font-family: inherit; font-size: small; font-weight: normal;%22><\/span><\/p>\n<p><a href=%22https:\/\/www.finnishwarmblood.fi\/wp-content\/uploads\/2025\/09\/KE-este-finaali-2025.pdf%22>Estehevoset<\/a><\/p>\n<p><a href=%22https:\/\/www.finnishwarmblood.fi\/wp-content\/uploads\/2025\/09\/KE-askellajif-finaali-2026.pdf%22>Askellajihevoset<\/a><\/p>\n<p>&nbsp;<\/p>\n<p><a href=%22https:\/\/docs.google.com\/spreadsheets\/d\/1ZhrtqtNtpgWBDJwzqEaHzrybshoNUyjTZSABnlXttww\/edit?usp=sharing%22><span style=%22font-size: 14px;%22> <span style=%22font-size: large;%22>TULOKSET<\/span> 2025 (Aikataulun j\u00e4lkeen arviointien keskiarvot)<\/span><\/a><\/p>\n<p><span style=%22font-size: large;%22>Lineaariset profiloinnit<\/span><\/p>\n<p><a href=%22https:\/\/www.finnishwarmblood.fi\/wp-content\/uploads\/2025\/05\/KE-Tuusula-2025.pdf%22>Tuusula 1.5.2025<\/a><\/p>\n<p><a href=%22https:\/\/www.finnishwarmblood.fi\/wp-content\/uploads\/2025\/06\/Lohja-10.5.25-KE.pdf%22>Lohja 10.5.2025<\/a><\/p>\n<p><a href=%22https:\/\/www.finnishwarmblood.fi\/wp-content\/uploads\/2025\/06\/porvoo-14.5.25.pdf%22>Porvoo 14.5.2025<\/a><\/p>\n<p><a href=%22https:\/\/www.finnishwarmblood.fi\/wp-content\/uploads\/2025\/06\/Lieto-12.5.-ja-Suonenjoki-7.5.2025.pdf%22>Lieto 12.5.2025 ja Suonenjoki 7.5.2025<\/a><\/p>\n<p><a href=%22https:\/\/www.finnishwarmblood.fi\/wp-content\/uploads\/2025\/06\/seinajoki-2.5.2025.pdf%22>Sein\u00e4joki 2.5.2025<\/a><\/p>\n<p>&nbsp;<\/p>\n<p>Finaalin 2024 tulokset<\/p>\n<ul>\n<li><a href=%22https:\/\/www.finnishwarmblood.fi\/wp-content\/uploads\/2024\/09\/Kyvyt-Esiin-2024-finaali-hypyt.pdf%22 rel=%22attachment wp-att-5238%22>Hypyt lauantai 28.9.2024<\/a> tulokset<\/li>\n<li><a href=%22https:\/\/www.finnishwarmblood.fi\/wp-content\/uploads\/2024\/09\/Kyvyt-Esiin-2024-finaali-askellajit.pdf%22 rel=%22attachment wp-att-5239%22>Askellajit sunnuntai 29.9.2024<\/a> tulokset<\/li>\n<\/ul>\n<p>Kev\u00e4\u00e4n 2024 karsintatilaisuuksien tulokset<\/p>\n<ul>\n<li><a href=%22https:\/\/www.finnishwarmblood.fi\/wp-content\/uploads\/2024\/05\/Kyvyt-Esiin-2024-karsinnat-askellajit.pdf%22 rel=%22attachment wp-att-5200%22>Kyvyt Esiin 2024 -karsinnat askellajit<\/a><\/li>\n<li><a href=%22https:\/\/www.finnishwarmblood.fi\/wp-content\/uploads\/2024\/05\/Kyvyt-Esiin-2024-karsinnat-hypyt.pdf%22 rel=%22attachment wp-att-5199%22>Kyvyt Esiin 2024 -karsinnat hypyt<\/a>.<\/li>\n<\/ul>\n<ul><\/ul>\n<ul><\/ul>\n<ul><\/ul>\n<ul><\/ul>\n<p>&#8221; content_phone=&#8221;<\/p>\n<h3>Kyvyt Esiin<\/h3>\n<h3><\/h3>\n<p>Kyvyt Esiin 2026<a href=%22https:\/\/www.finnishwarmblood.fi\/wp-content\/uploads\/2025\/03\/KYVYT-ESIIN-OHJEET-2025_kutsu.pdf%22><\/a><\/p>\n<p><a href=%22https:\/\/www.finnishwarmblood.fi\/wp-content\/uploads\/2026\/03\/KYVYT-ESIIN-OHJEET-2026_osallistujat-6.pdf%22>Kyvyt Esiin kutsu ja ohjeet osallistujille 2026<\/a><\/p>\n<p><a href=%22https:\/\/docs.google.com\/spreadsheets\/d\/11AVKBRi84fqfgMHFP7QGoBPfdKllRkK-cmGw2UyqO0o\/edit?usp=sharing%22>Kyvyt Esiin 2026 aikataulu ja tulokset<\/a><\/p>\n<p>&nbsp;<\/p>\n<p><span style=%22font-family: inherit; font-size: small; font-weight: normal;%22><a href=%22https:\/\/docs.google.com\/spreadsheets\/d\/1UVv1oZk2IG3E3GMwkwThz6-mJ9f8JEhMaQoTkFtefMU\/edit?usp=drivesdk%20 T\u00e4ss\u00e4 tulosten liveseurantalinkki%22>TULOKSET FINAALI 2025<\/a><\/span><span style=%22font-family: inherit; font-size: small; font-weight: normal;%22><\/span><\/p>\n<p>Lineaariset profiloinnit finaali 2025<span style=%22font-family: inherit; font-size: small; font-weight: normal;%22><\/span><\/p>\n<p><a href=%22https:\/\/www.finnishwarmblood.fi\/wp-content\/uploads\/2025\/09\/KE-este-finaali-2025.pdf%22>Estehevoset<\/a><\/p>\n<p><a href=%22https:\/\/www.finnishwarmblood.fi\/wp-content\/uploads\/2025\/09\/KE-askellajif-finaali-2026.pdf%22>Askellajihevoset<\/a><\/p>\n<p>&nbsp;<\/p>\n<p><a href=%22https:\/\/docs.google.com\/spreadsheets\/d\/1ZhrtqtNtpgWBDJwzqEaHzrybshoNUyjTZSABnlXttww\/edit?usp=sharing%22><span style=%22font-size: 14px;%22> <span style=%22font-size: large;%22>TULOKSET<\/span> 2025 (Aikataulun j\u00e4lkeen arviointien keskiarvot)<\/span><\/a><\/p>\n<p><span style=%22font-size: large;%22>Lineaariset profiloinnit<\/span><\/p>\n<p><a href=%22https:\/\/www.finnishwarmblood.fi\/wp-content\/uploads\/2025\/05\/KE-Tuusula-2025.pdf%22>Tuusula 1.5.2025<\/a><\/p>\n<p><a href=%22https:\/\/www.finnishwarmblood.fi\/wp-content\/uploads\/2025\/06\/Lohja-10.5.25-KE.pdf%22>Lohja 10.5.2025<\/a><\/p>\n<p><a href=%22https:\/\/www.finnishwarmblood.fi\/wp-content\/uploads\/2025\/06\/porvoo-14.5.25.pdf%22>Porvoo 14.5.2025<\/a><\/p>\n<p><a href=%22https:\/\/www.finnishwarmblood.fi\/wp-content\/uploads\/2025\/06\/Lieto-12.5.-ja-Suonenjoki-7.5.2025.pdf%22>Lieto 12.5.2025 ja Suonenjoki 7.5.2025<\/a><\/p>\n<p><a href=%22https:\/\/www.finnishwarmblood.fi\/wp-content\/uploads\/2025\/06\/seinajoki-2.5.2025.pdf%22>Sein\u00e4joki 2.5.2025<\/a><\/p>\n<p>&nbsp;<\/p>\n<p>Finaalin 2024 tulokset<\/p>\n<ul>\n<li><a href=%22https:\/\/www.finnishwarmblood.fi\/wp-content\/uploads\/2024\/09\/Kyvyt-Esiin-2024-finaali-hypyt.pdf%22 rel=%22attachment wp-att-5238%22>Hypyt lauantai 28.9.2024<\/a> tulokset<\/li>\n<li><a href=%22https:\/\/www.finnishwarmblood.fi\/wp-content\/uploads\/2024\/09\/Kyvyt-Esiin-2024-finaali-askellajit.pdf%22 rel=%22attachment wp-att-5239%22>Askellajit sunnuntai 29.9.2024<\/a> tulokset<\/li>\n<\/ul>\n<p>Kev\u00e4\u00e4n 2024 karsintatilaisuuksien tulokset<\/p>\n<ul>\n<li><a href=%22https:\/\/www.finnishwarmblood.fi\/wp-content\/uploads\/2024\/05\/Kyvyt-Esiin-2024-karsinnat-askellajit.pdf%22 rel=%22attachment wp-att-5200%22>Kyvyt Esiin 2024 -karsinnat askellajit<\/a><\/li>\n<li><a href=%22https:\/\/www.finnishwarmblood.fi\/wp-content\/uploads\/2024\/05\/Kyvyt-Esiin-2024-karsinnat-hypyt.pdf%22 rel=%22attachment wp-att-5199%22>Kyvyt Esiin 2024 -karsinnat hypyt<\/a><\/li>\n<\/ul>\n<ul><\/ul>\n<ul><\/ul>\n<ul><\/ul>\n<ul><\/ul>\n<p>&#8221; content_last_edited=&#8221;on|phone&#8221; _builder_version=&#8221;4.19.4&#8243; _module_preset=&#8221;default&#8221; custom_margin=&#8221;-334px|||||&#8221; inline_fonts=&#8221;Abhaya Libre&#8221; global_colors_info=&#8221;{}&#8221;]<\/p>\n<h3>Kyvyt Esiin<\/h3>\n<p>KYVYT ESIIN 2026<span style=\"font-family: inherit;\"><\/span><\/p>\n<p><a href=\"https:\/\/www.finnishwarmblood.fi\/wp-content\/uploads\/2026\/03\/KYVYT-ESIIN-OHJEET-2026_osallistujat-6.pdf\"><span style=\"font-family: inherit;\">Kyvyt Esiin kutsu ja ohjeet osallistujille 2026<\/span><\/a><br \/><span style=\"font-family: inherit;\"><\/span><\/p>\n<p><a href=\"https:\/\/docs.google.com\/spreadsheets\/d\/11AVKBRi84fqfgMHFP7QGoBPfdKllRkK-cmGw2UyqO0o\/edit?usp=sharing\">Kyvyt Esiin 2026 aikataulut ja tulokset<\/a><span style=\"font-family: inherit;\"><\/span><\/p>\n<p><span style=\"font-family: inherit;\"><\/span><\/p>\n<p><span style=\"font-family: inherit; font-size: small; font-weight: normal;\"><a href=\"https:\/\/docs.google.com\/spreadsheets\/d\/1UVv1oZk2IG3E3GMwkwThz6-mJ9f8JEhMaQoTkFtefMU\/edit?usp=drivesdk%20 T\u00e4ss\u00e4 tulosten liveseurantalinkki\">TULOKSET FINAALI 2025<\/a><\/span><span style=\"font-family: inherit; font-size: small; font-weight: normal;\"><\/span><\/p>\n<p>Lineaariset profiloinnit finaali 2025<span style=\"font-family: inherit; font-size: small; font-weight: normal;\"><\/span><\/p>\n<p><a href=\"https:\/\/www.finnishwarmblood.fi\/wp-content\/uploads\/2025\/09\/KE-este-finaali-2025.pdf\">Estehevoset<\/a><\/p>\n<p><a href=\"https:\/\/www.finnishwarmblood.fi\/wp-content\/uploads\/2025\/09\/KE-askellajif-finaali-2026.pdf\">Askellajihevoset<\/a><\/p>\n<p>&nbsp;<\/p>\n<p><span style=\"font-family: inherit;\"><a href=\"https:\/\/docs.google.com\/spreadsheets\/d\/1ZhrtqtNtpgWBDJwzqEaHzrybshoNUyjTZSABnlXttww\/edit?usp=sharing\"><span style=\"font-size: 14px;\">\u00a0<span style=\"font-size: small;\">TULOKSET karsinnat\u00a02025 (Aikataulun j\u00e4lkeen arviointien keskiarvot)<\/span><\/span><\/a><\/span><\/p>\n<p><span style=\"font-size: small; font-family: inherit;\">Lineaariset profiloinnit<\/span><\/p>\n<p><a href=\"https:\/\/www.finnishwarmblood.fi\/wp-content\/uploads\/2025\/05\/KE-Tuusula-2025.pdf\">Tuusula 1.5.2025<\/a><span style=\"font-size: 14px;\"><\/span><\/p>\n<p><a href=\"https:\/\/www.finnishwarmblood.fi\/wp-content\/uploads\/2025\/06\/Lohja-10.5.25-KE.pdf\">Lohja 10.5.2025<\/a><\/p>\n<p><a href=\"https:\/\/www.finnishwarmblood.fi\/wp-content\/uploads\/2025\/06\/porvoo-14.5.25.pdf\">Porvoo 14.5.2025<\/a><\/p>\n<p><a href=\"https:\/\/www.finnishwarmblood.fi\/wp-content\/uploads\/2025\/06\/Lieto-12.5.-ja-Suonenjoki-7.5.2025.pdf\">Lieto 12.5.2025 ja Suonenjoki 7.5.2025<\/a>\u00a0<\/p>\n<p><a href=\"https:\/\/www.finnishwarmblood.fi\/wp-content\/uploads\/2025\/06\/seinajoki-2.5.2025.pdf\">Sein\u00e4joki 2.5.2025<\/a><\/p>\n<p>Yp\u00e4j\u00e4 Vanha Maneesi 27.5.2025<\/p>\n<p>Yp\u00e4j\u00e4 Yp\u00e4j\u00e4halli 27.5.2025<\/p>\n<p>Finaalin 2024 tulokset<\/p>\n<ul>\n<li><a href=\"https:\/\/www.finnishwarmblood.fi\/wp-content\/uploads\/2024\/09\/Kyvyt-Esiin-2024-finaali-hypyt.pdf\" rel=\"attachment wp-att-5238\">Hypyt lauantai 28.9.2024<\/a> tulokset<\/li>\n<li><a href=\"https:\/\/www.finnishwarmblood.fi\/wp-content\/uploads\/2024\/09\/Kyvyt-Esiin-2024-finaali-askellajit.pdf\" rel=\"attachment wp-att-5239\">Askellajit sunnuntai 29.9.2024<\/a> tulokset<\/li>\n<\/ul>\n<p>Kev\u00e4\u00e4n 2024 karsintatilaisuuksien tulokset<\/p>\n<ul>\n<li><a href=\"https:\/\/www.finnishwarmblood.fi\/wp-content\/uploads\/2024\/05\/Kyvyt-Esiin-2024-karsinnat-askellajit.pdf\" rel=\"attachment wp-att-5200\">Kyvyt Esiin 2024 -karsinnat askellajit<\/a><\/li>\n<li><a href=\"https:\/\/www.finnishwarmblood.fi\/wp-content\/uploads\/2024\/05\/Kyvyt-Esiin-2024-karsinnat-hypyt.pdf\" rel=\"attachment wp-att-5199\">Kyvyt Esiin 2024 -karsinnat hypyt<\/a>.<\/li>\n<\/ul>\n<p>[\/et_pb_text][\/et_pb_column][\/et_pb_row][et_pb_row _builder_version=&#8221;4.16&#8243; _module_preset=&#8221;default&#8221; global_colors_info=&#8221;{}&#8221;][et_pb_column type=&#8221;4_4&#8243; _builder_version=&#8221;4.16&#8243; _module_preset=&#8221;default&#8221; global_colors_info=&#8221;{}&#8221;][et_pb_button button_url=&#8221;@ET-DC@eyJkeW5hbWljIjp0cnVlLCJjb250ZW50IjoicG9zdF9saW5rX3VybF9wYWdlIiwic2V0dGluZ3MiOnsicG9zdF9pZCI6IjUxMjEifX0=@&#8221; button_text=&#8221;TULOKSET 2023&#8243; button_alignment=&#8221;left&#8221; _builder_version=&#8221;4.19.4&#8243; _dynamic_attributes=&#8221;button_url&#8221; _module_preset=&#8221;default&#8221; custom_button=&#8221;on&#8221; button_text_size=&#8221;16px&#8221; button_border_width=&#8221;2px&#8221; button_border_radius=&#8221;3px&#8221; global_colors_info=&#8221;{}&#8221;][\/et_pb_button][et_pb_button button_url=&#8221;@ET-DC@eyJkeW5hbWljIjp0cnVlLCJjb250ZW50IjoicG9zdF9saW5rX3VybF9wYWdlIiwic2V0dGluZ3MiOnsicG9zdF9pZCI6IjQ2ODcifX0=@&#8221; button_text=&#8221;TULOKSET 2022&#8243; button_alignment=&#8221;left&#8221; _builder_version=&#8221;4.16&#8243; _dynamic_attributes=&#8221;button_url&#8221; _module_preset=&#8221;default&#8221; custom_button=&#8221;on&#8221; button_text_size=&#8221;16px&#8221; button_border_width=&#8221;2px&#8221; button_border_radius=&#8221;3px&#8221; global_colors_info=&#8221;{}&#8221;][\/et_pb_button][\/et_pb_column][\/et_pb_row][\/et_pb_section][et_pb_section fb_built=&#8221;1&#8243; _builder_version=&#8221;4.14.7&#8243; _module_preset=&#8221;default&#8221; background_color=&#8221;#0066a9&#8243; width_tablet=&#8221;&#8221; width_phone=&#8221;&#8221; width_last_edited=&#8221;on|phone&#8221; min_height=&#8221;336.1px&#8221; custom_margin=&#8221;1px||-1px|||&#8221; custom_margin_tablet=&#8221;1px||-1px|||&#8221; custom_margin_phone=&#8221;1px||-1px|||&#8221; custom_margin_last_edited=&#8221;on|phone&#8221; custom_padding=&#8221;||6px|||&#8221; background_position_tablet=&#8221;center&#8221; global_module=&#8221;3902&#8243; saved_tabs=&#8221;all&#8221; global_colors_info=&#8221;{}&#8221;][et_pb_row column_structure=&#8221;1_3,1_3,1_3&#8243; _builder_version=&#8221;4.16&#8243; _module_preset=&#8221;default&#8221; max_width_tablet=&#8221;&#8221; max_width_phone=&#8221;&#8221; max_width_last_edited=&#8221;on|tablet&#8221; custom_margin=&#8221;|auto|-47px|auto||&#8221; global_colors_info=&#8221;{}&#8221;][et_pb_column type=&#8221;1_3&#8243; _builder_version=&#8221;4.16&#8243; _module_preset=&#8221;default&#8221; global_colors_info=&#8221;{}&#8221;][et_pb_text content_tablet=&#8221;<\/p>\n<\/p>\n<h3><span style=%22color: #ffffff;%22>YHTEYSTIEDOT<\/span><\/h3>\n<p><span style=%22color: #ffffff;%22><a href=%22mailto:info@finnishwarmblood.fi%22 style=%22color: #ffffff;%22>info@finnishwarmblood.fi<\/a><\/span><\/p>\n<p><span style=%22color: #ffffff;%22><\/span><\/p>\n<p><span style=%22color: #ffffff;%22><a href=%22https:\/\/www.finnishwarmblood.fi\/index.php\/4082-2\/%22 style=%22color: #ffffff;%22>HALLITUS JA VASTUUALUEET<\/a><\/span><\/p>\n<\/p>\n<p>&#8221; content_phone=&#8221;<\/p>\n<\/p>\n<h3><span style=%22color: #ffffff;%22>YHTEYSTIEDOT<\/span><\/h3>\n<p><span style=%22color: #ffffff;%22><a href=%22mailto:info@finnishwarmblood.fi%22 style=%22color: #ffffff;%22>info@finnishwarmblood.fi<\/a><\/span><\/p>\n<p><span style=%22color: #ffffff;%22><\/span><\/p>\n<p><span style=%22color: #ffffff;%22><a href=%22https:\/\/www.finnishwarmblood.fi\/index.php\/4082-2\/%22 style=%22color: #ffffff;%22>HALLITUS JA VASTUUALUEET<\/a><\/span><\/p>\n<\/p>\n<p>&#8221; content_last_edited=&#8221;on|phone&#8221; _builder_version=&#8221;4.16&#8243; _module_preset=&#8221;default&#8221; text_font=&#8221;Poppins||||||||&#8221; text_text_color=&#8221;#FFFFFF&#8221; min_height=&#8221;178px&#8221; custom_padding=&#8221;||0px|||&#8221; text_font_tablet=&#8221;&#8221; text_font_phone=&#8221;&#8221; text_font_last_edited=&#8221;on|phone&#8221; text_text_color_tablet=&#8221;#FFFFFF&#8221; text_text_color_phone=&#8221;#FFFFFF&#8221; text_text_color_last_edited=&#8221;on|phone&#8221; text_font_size_tablet=&#8221;14px&#8221; text_font_size_phone=&#8221;13px&#8221; text_font_size_last_edited=&#8221;on|tablet&#8221; header_text_align_tablet=&#8221;center&#8221; header_text_align_phone=&#8221;center&#8221; header_text_align_last_edited=&#8221;on|phone&#8221; text_orientation_tablet=&#8221;center&#8221; text_orientation_phone=&#8221;&#8221; text_orientation_last_edited=&#8221;on|phone&#8221; global_colors_info=&#8221;{}&#8221;]<\/p>\n<h3><a href=\"https:\/\/www.finnishwarmblood.fi\/index.php\/ota-yhteytta\/\"><span style=\"color: #ffffff;\">YHTEYSTIEDOT<\/span><\/a><\/h3>\n<p><span style=\"color: #ffffff;\"><a href=\"mailto:info@finnishwarmblood.fi\" style=\"color: #ffffff;\">info@finnishwarmblood.fi<\/a><\/span><\/p>\n<p><span style=\"color: #ffffff;\"><\/span><\/p>\n<p><span style=\"color: #ffffff;\"><a href=\"https:\/\/www.finnishwarmblood.fi\/index.php\/4082-2\/\" style=\"color: #ffffff;\">HALLITUS JA VASTUUALUEET<\/a><\/span><\/p>\n<p>[\/et_pb_text][\/et_pb_column][et_pb_column type=&#8221;1_3&#8243; _builder_version=&#8221;4.16&#8243; _module_preset=&#8221;default&#8221; global_colors_info=&#8221;{}&#8221;][et_pb_icon font_icon=&#8221;&#xf082;||fa||400&#8243; icon_color=&#8221;#FFFFFF&#8221; icon_width=&#8221;50px&#8221; url=&#8221;https:\/\/www.facebook.com\/ratsujalostusliitto&#8221; url_new_window=&#8221;on&#8221; icon_width_tablet=&#8221;50px&#8221; icon_width_phone=&#8221;51px&#8221; icon_width_last_edited=&#8221;on|desktop&#8221; align_tablet=&#8221;&#8221; align_phone=&#8221;&#8221; align_last_edited=&#8221;on|phone&#8221; _builder_version=&#8221;4.16&#8243; _module_preset=&#8221;default&#8221; global_colors_info=&#8221;{}&#8221;][\/et_pb_icon][et_pb_icon font_icon=&#8221;&#xe055;||fa||400&#8243; icon_color=&#8221;#FFFFFF&#8221; icon_width=&#8221;55px&#8221; url=&#8221;https:\/\/www.instagram.com\/finnishwarmblood\/&#8221; url_new_window=&#8221;on&#8221; icon_width_tablet=&#8221;50px&#8221; icon_width_phone=&#8221;&#8221; icon_width_last_edited=&#8221;on|phone&#8221; _builder_version=&#8221;4.16&#8243; _module_preset=&#8221;default&#8221; global_colors_info=&#8221;{}&#8221;][\/et_pb_icon][\/et_pb_column][et_pb_column type=&#8221;1_3&#8243; _builder_version=&#8221;4.16&#8243; _module_preset=&#8221;default&#8221; global_colors_info=&#8221;{}&#8221;][et_pb_text _builder_version=&#8221;4.16&#8243; _module_preset=&#8221;default&#8221; text_text_color=&#8221;#FFFFFF&#8221; text_font_size=&#8221;16px&#8221; text_font_size_tablet=&#8221;15px&#8221; text_font_size_phone=&#8221;13px&#8221; text_font_size_last_edited=&#8221;on|phone&#8221; global_colors_info=&#8221;{}&#8221;]<\/p>\n<p style=\"text-align: center;\">YHTEISTY\u00d6KUMPPANIT<\/p>\n<p>[\/et_pb_text][et_pb_image src=&#8221;https:\/\/www.finnishwarmblood.fi\/wp-content\/uploads\/2022\/01\/Hankkija_green.png&#8221; title_text=&#8221;Hankkija_green&#8221; url=&#8221;https:\/\/www.hankkija.fi&#8221; url_new_window=&#8221;on&#8221; _builder_version=&#8221;4.16&#8243; _module_preset=&#8221;default&#8221; width=&#8221;54%&#8221; width_tablet=&#8221;33%&#8221; width_phone=&#8221;67%&#8221; width_last_edited=&#8221;on|tablet&#8221; module_alignment=&#8221;center&#8221; custom_margin=&#8221;-23px|||14px|false|false&#8221; custom_padding=&#8221;|||16px|false|false&#8221; custom_padding_tablet=&#8221;|||8px|false|false&#8221; custom_padding_phone=&#8221;&#8221; custom_padding_last_edited=&#8221;on|phone&#8221; module_alignment_tablet=&#8221;center&#8221; module_alignment_phone=&#8221;&#8221; module_alignment_last_edited=&#8221;on|phone&#8221; global_colors_info=&#8221;{}&#8221;][\/et_pb_image][\/et_pb_column][\/et_pb_row][\/et_pb_section]<\/p>\n","protected":false},"excerpt":{"rendered":"<p>Kyvyt esiinKyvyt Esiin KYVYT ESIIN 2026 Kyvyt Esiin kutsu ja ohjeet osallistujille 2026 Kyvyt Esiin 2026 aikataulut ja tulokset TULOKSET FINAALI 2025 Lineaariset profiloinnit finaali 2025 Estehevoset Askellajihevoset &nbsp; \u00a0TULOKSET [&hellip;]<\/p>\n","protected":false},"author":1,"featured_media":0,"parent":0,"menu_order":0,"comment_status":"closed","ping_status":"closed","template":"","meta":{"_et_pb_use_builder":"on","_et_pb_old_content":"","_et_gb_content_width":"","footnotes":""},"class_list":["post-4429","page","type-page","status-publish","hentry"],"_links":{"self":[{"href":"https:\/\/www.finnishwarmblood.fi\/index.php\/wp-json\/wp\/v2\/pages\/4429","targetHints":{"allow":["GET"]}}],"collection":[{"href":"https:\/\/www.finnishwarmblood.fi\/index.php\/wp-json\/wp\/v2\/pages"}],"about":[{"href":"https:\/\/www.finnishwarmblood.fi\/index.php\/wp-json\/wp\/v2\/types\/page"}],"author":[{"embeddable":true,"href":"https:\/\/www.finnishwarmblood.fi\/index.php\/wp-json\/wp\/v2\/users\/1"}],"replies":[{"embeddable":true,"href":"https:\/\/www.finnishwarmblood.fi\/index.php\/wp-json\/wp\/v2\/comments?post=4429"}],"version-history":[{"count":128,"href":"https:\/\/www.finnishwarmblood.fi\/index.php\/wp-json\/wp\/v2\/pages\/4429\/revisions"}],"predecessor-version":[{"id":5700,"href":"https:\/\/www.finnishwarmblood.fi\/index.php\/wp-json\/wp\/v2\/pages\/4429\/revisions\/5700"}],"wp:attachment":[{"href":"https:\/\/www.finnishwarmblood.fi\/index.php\/wp-json\/wp\/v2\/media?parent=4429"}],"curies":[{"name":"wp","href":"https:\/\/api.w.org\/{rel}","templated":true}]}}